{"id":168,"date":"2014-05-31T14:10:25","date_gmt":"2014-05-31T14:10:25","guid":{"rendered":"http:\/\/wekka-projekt.softwarefools.com\/?page_id=168"},"modified":"2014-12-19T01:43:11","modified_gmt":"2014-12-19T01:43:11","slug":"przebudowy","status":"publish","type":"page","link":"https:\/\/wekka-projekt.pl\/?page_id=168","title":{"rendered":"Przebudowy"},"content":{"rendered":"<h2>Przebudowa Kostki PRL<\/h2>\n<p><img loading=\"lazy\" decoding=\"async\" class=\"alignnone wp-image-228 size-full\" src=\"https:\/\/wekka-projekt.pl\/wp-content\/uploads\/2014\/05\/przebudowy_kostka_prl_1.png\" alt=\"przebudowy_kostka_prl_1\" width=\"620\" height=\"244\" srcset=\"https:\/\/wekka-projekt.pl\/wp-content\/uploads\/2014\/05\/przebudowy_kostka_prl_1.png 620w, https:\/\/wekka-projekt.pl\/wp-content\/uploads\/2014\/05\/przebudowy_kostka_prl_1-300x118.png 300w\" sizes=\"(max-width: 620px) 100vw, 620px\" \/><\/p>\n<p><span style=\"line-height: 1.5;\">przebudowa PRL-owskiej\u00a0\u00a0klocka. Publikacja: &#8220;\u0141adny Dom&#8221;<\/span><\/p>\n<p>&#8220;Rozsiane po ca\u0142ym kraju peerelowskie domy-kostki &#8211; nawet te najsolidniejsze &#8211; zaczynaj\u0105 osi\u0105ga\u0107 stan, gdy ich remont jest niezb\u0119dny. Dla ich w\u0142a\u015bcicieli jest to \u015bwietna okazja do ich przebudowy i modernizacji.&#8221;<\/p>\n<h2>\u00a0Dw\u00f3r drewniany<\/h2>\n<p><a href=\"https:\/\/wekka-projekt.pl\/wp-content\/uploads\/2014\/05\/przebudowy_luszewo_1.png\"><img loading=\"lazy\" decoding=\"async\" src=\"https:\/\/wekka-projekt.pl\/wp-content\/uploads\/2014\/05\/przebudowy_luszewo_1-300x225.png\" alt=\"przebudowy_luszewo_1\" width=\"300\" height=\"225\" \/><\/a>\u00a0<a href=\"https:\/\/wekka-projekt.pl\/wp-content\/uploads\/2014\/05\/przebudowy_luszewo_2.png\"><img loading=\"lazy\" decoding=\"async\" src=\"https:\/\/wekka-projekt.pl\/wp-content\/uploads\/2014\/05\/przebudowy_luszewo_2-300x225.png\" alt=\"przebudowy_luszewo_2\" width=\"300\" height=\"225\" \/><\/a><a href=\"https:\/\/wekka-projekt.pl\/wp-content\/uploads\/2014\/05\/przebudowy_luszewo_5.png\"><img loading=\"lazy\" decoding=\"async\" src=\"https:\/\/wekka-projekt.pl\/wp-content\/uploads\/2014\/05\/przebudowy_luszewo_5-300x225.png\" alt=\"przebudowy_luszewo_5\" width=\"300\" height=\"225\" \/><\/a>\u00a0<a href=\"https:\/\/wekka-projekt.pl\/wp-content\/uploads\/2014\/05\/przebudowy_luszewo_4.png\"><img loading=\"lazy\" decoding=\"async\" class=\"alignnone size-medium wp-image-232\" src=\"https:\/\/wekka-projekt.pl\/wp-content\/uploads\/2014\/05\/przebudowy_luszewo_4-300x225.png\" alt=\"przebudowy_luszewo_4\" width=\"300\" height=\"225\" srcset=\"https:\/\/wekka-projekt.pl\/wp-content\/uploads\/2014\/05\/przebudowy_luszewo_4-300x225.png 300w, https:\/\/wekka-projekt.pl\/wp-content\/uploads\/2014\/05\/przebudowy_luszewo_4.png 800w\" sizes=\"(max-width: 300px) 100vw, 300px\" \/><\/a> <a href=\"https:\/\/wekka-projekt.pl\/wp-content\/uploads\/2014\/05\/przebudowy_luszewo_3.png\"><img loading=\"lazy\" decoding=\"async\" src=\"https:\/\/wekka-projekt.pl\/wp-content\/uploads\/2014\/05\/przebudowy_luszewo_3-300x225.png\" alt=\"przebudowy_luszewo_3\" width=\"300\" height=\"225\" \/><\/a><\/p>\n<p>Dw\u00f3r drewniany, w litym balu, zosta\u0142 przeniesiony ze wsi Zawady do wsi Luszewo gmina Glinojeck. Budynek zosta\u0142 przywr\u00f3cony do czas\u00f3w \u015bwietno\u015bci \u0142\u0105cznie z odtworzeniem oryginalnego pokrycia z dach\u00f3wki drewnianej . Znakomita realizacja przez inwestora prywatnego. Projekt z 2012r.<\/p>\n<h2>Willa &#8220;Bonczewianka&#8221;<\/h2>\n<p><a href=\"https:\/\/wekka-projekt.pl\/wp-content\/uploads\/2014\/05\/przebudowy_bonczewianka_1.png\"><img loading=\"lazy\" decoding=\"async\" class=\"alignnone wp-image-224\" src=\"https:\/\/wekka-projekt.pl\/wp-content\/uploads\/2014\/05\/przebudowy_bonczewianka_1-767x1024.png\" alt=\"przebudowy_bonczewianka_1\" width=\"300\" height=\"400\" srcset=\"https:\/\/wekka-projekt.pl\/wp-content\/uploads\/2014\/05\/przebudowy_bonczewianka_1-767x1024.png 767w, https:\/\/wekka-projekt.pl\/wp-content\/uploads\/2014\/05\/przebudowy_bonczewianka_1-224x300.png 224w, https:\/\/wekka-projekt.pl\/wp-content\/uploads\/2014\/05\/przebudowy_bonczewianka_1.png 800w\" sizes=\"(max-width: 300px) 100vw, 300px\" \/><\/a>\u00a0<a href=\"https:\/\/wekka-projekt.pl\/wp-content\/uploads\/2014\/05\/przebudowy_bonczewianka_3.png\"><img loading=\"lazy\" decoding=\"async\" class=\"alignnone wp-image-226\" src=\"https:\/\/wekka-projekt.pl\/wp-content\/uploads\/2014\/05\/przebudowy_bonczewianka_3-767x1024.png\" alt=\"przebudowy_bonczewianka_3\" width=\"300\" height=\"400\" srcset=\"https:\/\/wekka-projekt.pl\/wp-content\/uploads\/2014\/05\/przebudowy_bonczewianka_3-767x1024.png 767w, https:\/\/wekka-projekt.pl\/wp-content\/uploads\/2014\/05\/przebudowy_bonczewianka_3-224x300.png 224w, https:\/\/wekka-projekt.pl\/wp-content\/uploads\/2014\/05\/przebudowy_bonczewianka_3.png 800w\" sizes=\"(max-width: 300px) 100vw, 300px\" \/><\/a> \u00a0<a href=\"https:\/\/wekka-projekt.pl\/wp-content\/uploads\/2014\/05\/przebudowy_bonczewianka_2.png\"><img loading=\"lazy\" decoding=\"async\" src=\"https:\/\/wekka-projekt.pl\/wp-content\/uploads\/2014\/05\/przebudowy_bonczewianka_2-300x225.png\" alt=\"przebudowy_bonczewianka_2\" width=\"300\" height=\"225\" \/><\/a><a href=\"https:\/\/wekka-projekt.pl\/wp-content\/uploads\/2014\/05\/przebudowy_bonczewianka_4.png\"><img loading=\"lazy\" decoding=\"async\" src=\"https:\/\/wekka-projekt.pl\/wp-content\/uploads\/2014\/05\/przebudowy_bonczewianka_4-300x225.png\" alt=\"przebudowy_bonczewianka_4\" width=\"300\" height=\"225\" \/><\/a><\/p>\n<p><span style=\"line-height: 1.5;\">Willa &#8220;Bonczewianka&#8221; w Milan\u00f3wku pod W-w\u0105 , w konstrukcji szkieletu drewnianego, zosta\u0142a poddana ca\u0142kowitej rekonstrukcji wraz z dobudow\u0105 werandy. Inwestor prywatny. Projekt z 2011 r.<\/span><\/p>\n","protected":false},"excerpt":{"rendered":"<p>Przebudowa Kostki PRL przebudowa PRL-owskiej\u00a0\u00a0klocka. Publikacja: &#8220;\u0141adny Dom&#8221; &#8220;Rozsiane po ca\u0142ym kraju peerelowskie domy-kostki &#8211; nawet te najsolidniejsze &#8211; zaczynaj\u0105 osi\u0105ga\u0107 stan, gdy ich remont jest niezb\u0119dny. Dla ich w\u0142a\u015bcicieli jest to \u015bwietna okazja do ich przebudowy i modernizacji.&#8221; \u00a0Dw\u00f3r drewniany \u00a0\u00a0 Dw\u00f3r drewniany, w litym balu, zosta\u0142 przeniesiony ze wsi Zawady do wsi Luszewo [&hellip;]<\/p>\n","protected":false},"author":1,"featured_media":0,"parent":0,"menu_order":50,"comment_status":"closed","ping_status":"closed","template":"","meta":{"footnotes":""},"class_list":["post-168","page","type-page","status-publish","hentry"],"_links":{"self":[{"href":"https:\/\/wekka-projekt.pl\/index.php?rest_route=\/wp\/v2\/pages\/168"}],"collection":[{"href":"https:\/\/wekka-projekt.pl\/index.php?rest_route=\/wp\/v2\/pages"}],"about":[{"href":"https:\/\/wekka-projekt.pl\/index.php?rest_route=\/wp\/v2\/types\/page"}],"author":[{"embeddable":true,"href":"https:\/\/wekka-projekt.pl\/index.php?rest_route=\/wp\/v2\/users\/1"}],"replies":[{"embeddable":true,"href":"https:\/\/wekka-projekt.pl\/index.php?rest_route=%2Fwp%2Fv2%2Fcomments&post=168"}],"version-history":[{"count":16,"href":"https:\/\/wekka-projekt.pl\/index.php?rest_route=\/wp\/v2\/pages\/168\/revisions"}],"predecessor-version":[{"id":558,"href":"https:\/\/wekka-projekt.pl\/index.php?rest_route=\/wp\/v2\/pages\/168\/revisions\/558"}],"wp:attachment":[{"href":"https:\/\/wekka-projekt.pl\/index.php?rest_route=%2Fwp%2Fv2%2Fmedia&parent=168"}],"curies":[{"name":"wp","href":"https:\/\/api.w.org\/{rel}","templated":true}]}}