{"id":2,"date":"2014-03-16T21:21:24","date_gmt":"2014-03-16T21:21:24","guid":{"rendered":"http:\/\/wekka-projekt.softwarefools.com\/?page_id=2"},"modified":"2020-01-16T20:06:50","modified_gmt":"2020-01-16T20:06:50","slug":"sample-page","status":"publish","type":"page","link":"https:\/\/wekka-projekt.pl\/?page_id=2","title":{"rendered":"Kontakt"},"content":{"rendered":"<p><strong>Pracownia projektowa\u00a0<\/strong><strong>WEKKA-PROJEKT<\/strong>\u00a0 ma d\u0142ugoletni\u0105 tradycj\u0119.<br \/>\nDzia\u0142a \u00a0od\u00a01989 roku w \u00a0Warszawie\u00a0 przy ul. Wiejskiej.\u00a0Sk\u0142ad \u00a0firmy stanowi\u0105 architekci Barbara Le\u015bniewska-Wekka i \u00a0Tomasz Wekka oraz stali wsp\u00f3\u0142pracownicy \u00a0r\u00f3\u017cnych bran\u017c.<\/p>\n<table>\n<tbody>\n<tr>\n<td><img loading=\"lazy\" decoding=\"async\" class=\"alignnone wp-image-192 size-medium\" src=\"https:\/\/wekka-projekt.pl\/wp-content\/uploads\/2014\/06\/pracownia-300x300.png\" alt=\"pracownia\" width=\"300\" height=\"300\" srcset=\"https:\/\/wekka-projekt.pl\/wp-content\/uploads\/2014\/06\/pracownia-300x300.png 300w, https:\/\/wekka-projekt.pl\/wp-content\/uploads\/2014\/06\/pracownia-150x150.png 150w, https:\/\/wekka-projekt.pl\/wp-content\/uploads\/2014\/06\/pracownia.png 800w\" sizes=\"(max-width: 300px) 100vw, 300px\" \/><\/td>\n<td>\n<h2>Dane Pracowni<\/h2>\n<p>00-480 Warszawa<br \/>\nul. Wiejska 9 m 95<br \/>\ntel.\u00a0<strong>609 209 913<br \/>\n<\/strong>net.\u00a0<strong><a href=\"https:\/\/wekka-projekt.pl\">wekka-projekt.pl<\/a><\/strong><\/td>\n<\/tr>\n<\/tbody>\n<\/table>\n<p>Zapytania prosimy kierowac telefonicznie lub za pomoca poczty elektronicznej do Pani Barbary (tel.\u00a0<strong>609 209 913<\/strong>, <strong><a href=\"mailto:barbara.wekka@gmail.com\">barbara.wekka@gmail.com<\/a><\/strong>).<\/p>\n","protected":false},"excerpt":{"rendered":"<p>Pracownia projektowa\u00a0WEKKA-PROJEKT\u00a0 ma d\u0142ugoletni\u0105 tradycj\u0119. Dzia\u0142a \u00a0od\u00a01989 roku w \u00a0Warszawie\u00a0 przy ul. Wiejskiej.\u00a0Sk\u0142ad \u00a0firmy stanowi\u0105 architekci Barbara Le\u015bniewska-Wekka i \u00a0Tomasz Wekka oraz stali wsp\u00f3\u0142pracownicy \u00a0r\u00f3\u017cnych bran\u017c. Dane Pracowni 00-480 Warszawa ul. Wiejska 9 m 95 tel.\u00a0609 209 913 net.\u00a0wekka-projekt.pl Zapytania prosimy kierowac telefonicznie lub za pomoca poczty elektronicznej do Pani Barbary (tel.\u00a0609 209 913, barbara.wekka@gmail.com).<\/p>\n","protected":false},"author":1,"featured_media":0,"parent":0,"menu_order":99,"comment_status":"closed","ping_status":"closed","template":"","meta":{"footnotes":""},"class_list":["post-2","page","type-page","status-publish","hentry"],"_links":{"self":[{"href":"https:\/\/wekka-projekt.pl\/index.php?rest_route=\/wp\/v2\/pages\/2"}],"collection":[{"href":"https:\/\/wekka-projekt.pl\/index.php?rest_route=\/wp\/v2\/pages"}],"about":[{"href":"https:\/\/wekka-projekt.pl\/index.php?rest_route=\/wp\/v2\/types\/page"}],"author":[{"embeddable":true,"href":"https:\/\/wekka-projekt.pl\/index.php?rest_route=\/wp\/v2\/users\/1"}],"replies":[{"embeddable":true,"href":"https:\/\/wekka-projekt.pl\/index.php?rest_route=%2Fwp%2Fv2%2Fcomments&post=2"}],"version-history":[{"count":87,"href":"https:\/\/wekka-projekt.pl\/index.php?rest_route=\/wp\/v2\/pages\/2\/revisions"}],"predecessor-version":[{"id":708,"href":"https:\/\/wekka-projekt.pl\/index.php?rest_route=\/wp\/v2\/pages\/2\/revisions\/708"}],"wp:attachment":[{"href":"https:\/\/wekka-projekt.pl\/index.php?rest_route=%2Fwp%2Fv2%2Fmedia&parent=2"}],"curies":[{"name":"wp","href":"https:\/\/api.w.org\/{rel}","templated":true}]}}