{"id":202,"date":"2014-06-01T15:35:21","date_gmt":"2014-06-01T15:35:21","guid":{"rendered":"http:\/\/wekka-projekt.softwarefools.com\/?page_id=202"},"modified":"2014-10-08T10:57:27","modified_gmt":"2014-10-08T10:57:27","slug":"przytulny","status":"publish","type":"page","link":"https:\/\/wekka-projekt.pl\/?page_id=202","title":{"rendered":"Przytulny"},"content":{"rendered":"<p><a href=\"https:\/\/wekka-projekt.pl\/wp-content\/uploads\/2014\/06\/gotowe_przytulny_1.png\"><img loading=\"lazy\" decoding=\"async\" class=\"alignnone size-medium wp-image-242\" alt=\"gotowe_przytulny_1\" src=\"https:\/\/wekka-projekt.pl\/wp-content\/uploads\/2014\/06\/gotowe_przytulny_1-300x211.png\" width=\"300\" height=\"211\" srcset=\"https:\/\/wekka-projekt.pl\/wp-content\/uploads\/2014\/06\/gotowe_przytulny_1-300x211.png 300w, https:\/\/wekka-projekt.pl\/wp-content\/uploads\/2014\/06\/gotowe_przytulny_1.png 800w\" sizes=\"(max-width: 300px) 100vw, 300px\" \/><\/a> <a href=\"https:\/\/wekka-projekt.pl\/wp-content\/uploads\/2014\/06\/gotowe_przytulny_2.png\"><img loading=\"lazy\" decoding=\"async\" class=\"alignnone size-medium wp-image-243\" alt=\"gotowe_przytulny_2\" src=\"https:\/\/wekka-projekt.pl\/wp-content\/uploads\/2014\/06\/gotowe_przytulny_2-300x211.png\" width=\"300\" height=\"211\" srcset=\"https:\/\/wekka-projekt.pl\/wp-content\/uploads\/2014\/06\/gotowe_przytulny_2-300x211.png 300w, https:\/\/wekka-projekt.pl\/wp-content\/uploads\/2014\/06\/gotowe_przytulny_2.png 800w\" sizes=\"(max-width: 300px) 100vw, 300px\" \/><\/a> <a href=\"https:\/\/wekka-projekt.pl\/wp-content\/uploads\/2014\/06\/gotowe_przytulny_3.png\"><img loading=\"lazy\" decoding=\"async\" class=\"alignnone size-medium wp-image-244\" alt=\"gotowe_przytulny_3\" src=\"https:\/\/wekka-projekt.pl\/wp-content\/uploads\/2014\/06\/gotowe_przytulny_3-300x211.png\" width=\"300\" height=\"211\" srcset=\"https:\/\/wekka-projekt.pl\/wp-content\/uploads\/2014\/06\/gotowe_przytulny_3-300x211.png 300w, https:\/\/wekka-projekt.pl\/wp-content\/uploads\/2014\/06\/gotowe_przytulny_3.png 800w\" sizes=\"(max-width: 300px) 100vw, 300px\" \/><\/a> <a href=\"https:\/\/wekka-projekt.pl\/wp-content\/uploads\/2014\/06\/gotowe_przytulny_4.png\"><img loading=\"lazy\" decoding=\"async\" class=\"alignnone size-medium wp-image-245\" alt=\"gotowe_przytulny_4\" src=\"https:\/\/wekka-projekt.pl\/wp-content\/uploads\/2014\/06\/gotowe_przytulny_4-300x211.png\" width=\"300\" height=\"211\" srcset=\"https:\/\/wekka-projekt.pl\/wp-content\/uploads\/2014\/06\/gotowe_przytulny_4-300x211.png 300w, https:\/\/wekka-projekt.pl\/wp-content\/uploads\/2014\/06\/gotowe_przytulny_4.png 800w\" sizes=\"(max-width: 300px) 100vw, 300px\" \/><\/a><\/p>\n<p>Dom zosta\u0142 zaprojektowany jako parterowy z poddaszem u\u017cytkowym. Jest to dom drewniany w litym balu lub szkielecie wype\u0142nionym balikami tzw. sumikowo-\u0142\u0105tkowy. Istnieje mo\u017cliwo\u015b\u0107 realizacji w technologii tradycyjnej, murowanej. \u00a0Pokycie dachu dowolne, ale uwzgledniaj\u0105ce mi\u0119kkie p\u0142aszczyzny dachu.<\/p>\n<p><em>A oto wizualizacje projektu:<\/em><\/p>\n<p><em>\u00a0<\/em><a href=\"https:\/\/wekka-projekt.pl\/wp-content\/uploads\/2014\/10\/przytulny2.jpg\"><img loading=\"lazy\" decoding=\"async\" class=\"alignnone  wp-image-298\" alt=\"przytulny2\" src=\"https:\/\/wekka-projekt.pl\/wp-content\/uploads\/2014\/10\/przytulny2-300x187.jpg\" width=\"270\" height=\"168\" srcset=\"https:\/\/wekka-projekt.pl\/wp-content\/uploads\/2014\/10\/przytulny2-300x187.jpg 300w, https:\/\/wekka-projekt.pl\/wp-content\/uploads\/2014\/10\/przytulny2.jpg 1000w\" sizes=\"(max-width: 270px) 100vw, 270px\" \/><\/a> <a href=\"https:\/\/wekka-projekt.pl\/wp-content\/uploads\/2014\/10\/przytulny1.jpg\"><img loading=\"lazy\" decoding=\"async\" class=\"alignnone  wp-image-297\" alt=\"przytulny1\" src=\"https:\/\/wekka-projekt.pl\/wp-content\/uploads\/2014\/10\/przytulny1-300x180.jpg\" width=\"270\" height=\"162\" srcset=\"https:\/\/wekka-projekt.pl\/wp-content\/uploads\/2014\/10\/przytulny1-300x180.jpg 300w, https:\/\/wekka-projekt.pl\/wp-content\/uploads\/2014\/10\/przytulny1.jpg 1000w\" sizes=\"(max-width: 270px) 100vw, 270px\" \/><\/a><\/p>\n","protected":false},"excerpt":{"rendered":"<p>Dom zosta\u0142 zaprojektowany jako parterowy z poddaszem u\u017cytkowym. Jest to dom drewniany w litym balu lub szkielecie wype\u0142nionym balikami tzw. sumikowo-\u0142\u0105tkowy. Istnieje mo\u017cliwo\u015b\u0107 realizacji w technologii tradycyjnej, murowanej. \u00a0Pokycie dachu dowolne, ale uwzgledniaj\u0105ce mi\u0119kkie p\u0142aszczyzny dachu. A oto wizualizacje projektu: \u00a0<\/p>\n","protected":false},"author":1,"featured_media":0,"parent":25,"menu_order":2,"comment_status":"closed","ping_status":"closed","template":"","meta":{"footnotes":""},"class_list":["post-202","page","type-page","status-publish","hentry"],"_links":{"self":[{"href":"https:\/\/wekka-projekt.pl\/index.php?rest_route=\/wp\/v2\/pages\/202"}],"collection":[{"href":"https:\/\/wekka-projekt.pl\/index.php?rest_route=\/wp\/v2\/pages"}],"about":[{"href":"https:\/\/wekka-projekt.pl\/index.php?rest_route=\/wp\/v2\/types\/page"}],"author":[{"embeddable":true,"href":"https:\/\/wekka-projekt.pl\/index.php?rest_route=\/wp\/v2\/users\/1"}],"replies":[{"embeddable":true,"href":"https:\/\/wekka-projekt.pl\/index.php?rest_route=%2Fwp%2Fv2%2Fcomments&post=202"}],"version-history":[{"count":5,"href":"https:\/\/wekka-projekt.pl\/index.php?rest_route=\/wp\/v2\/pages\/202\/revisions"}],"predecessor-version":[{"id":300,"href":"https:\/\/wekka-projekt.pl\/index.php?rest_route=\/wp\/v2\/pages\/202\/revisions\/300"}],"up":[{"embeddable":true,"href":"https:\/\/wekka-projekt.pl\/index.php?rest_route=\/wp\/v2\/pages\/25"}],"wp:attachment":[{"href":"https:\/\/wekka-projekt.pl\/index.php?rest_route=%2Fwp%2Fv2%2Fmedia&parent=202"}],"curies":[{"name":"wp","href":"https:\/\/api.w.org\/{rel}","templated":true}]}}