{"id":25,"date":"2014-03-16T22:25:23","date_gmt":"2014-03-16T22:25:23","guid":{"rendered":"http:\/\/wekka-projekt.softwarefools.com\/?page_id=25"},"modified":"2018-08-02T14:48:45","modified_gmt":"2018-08-02T14:48:45","slug":"domek","status":"publish","type":"page","link":"https:\/\/wekka-projekt.pl\/?page_id=25","title":{"rendered":"Projekty gotowe"},"content":{"rendered":"<p>Wszystkie projekty s\u0105 przystosowane do modyfikacji.<\/p>\n<p>Ka\u017cdy z prezentowanych projekt\u00f3w mo\u017cna realizowa\u0107 zamiennie w litym balu, \u00a0szkielecie wype\u0142nionym balikami, a tak\u017ce w systemie tradycyjnym murowanym. Dach zaprojektowano pod dowolne pokrycia. Kolorystyka i detale s\u0105 do ustalenia na indywidualne \u017cyczenie.<\/p>\n<p>Pracownia ch\u0119tnie podejmuje si\u0119 dostosowania prezentowanych<span style=\"line-height: 1.5;\">\u00a0<\/span><span style=\"line-height: 1.5;\">projekt\u00f3w do indywidualnych potrzeb i gustu inwestora, a tak\u017ce warunk\u00f3w lokalizacji. \u00a0<\/span><\/p>\n<p>Wsp\u00f3\u0142pracujemy z godnymi polecenia wykonawcami.<\/p>\n<p>&nbsp;<\/p>\n<hr \/>\n<h2>Anka<\/h2>\n<p><a href=\"https:\/\/wekka-projekt.pl\/?page_id=609\" rel=\"attachment wp-att-671\"><img loading=\"lazy\" decoding=\"async\" class=\"alignnone wp-image-671 size-medium\" src=\"https:\/\/wekka-projekt.pl\/wp-content\/uploads\/2017\/12\/anka_new_1-e1513888373485-300x289.png\" alt=\"\" width=\"300\" height=\"289\" srcset=\"https:\/\/wekka-projekt.pl\/wp-content\/uploads\/2017\/12\/anka_new_1-e1513888373485-300x289.png 300w, https:\/\/wekka-projekt.pl\/wp-content\/uploads\/2017\/12\/anka_new_1-e1513888373485-768x739.png 768w, https:\/\/wekka-projekt.pl\/wp-content\/uploads\/2017\/12\/anka_new_1-e1513888373485-1024x985.png 1024w, https:\/\/wekka-projekt.pl\/wp-content\/uploads\/2017\/12\/anka_new_1-e1513888373485.png 1153w\" sizes=\"(max-width: 300px) 100vw, 300px\" \/><\/a><a href=\"https:\/\/wekka-projekt.pl\/?page_id=609\" rel=\"attachment wp-att-697\"><img loading=\"lazy\" decoding=\"async\" class=\"alignnone wp-image-697\" src=\"https:\/\/wekka-projekt.pl\/wp-content\/uploads\/2018\/08\/anka_new_7.jpg\" alt=\"\" width=\"300\" height=\"169\" \/><\/a><a href=\"https:\/\/wekka-projekt.pl\/?page_id=609\"><br \/>\n<\/a><a title=\"Anka\" href=\"https:\/\/wekka-projekt.pl\/?page_id=609\">Zobacz pelny opis projektu.<\/a><\/p>\n<hr \/>\n<h2>Janek<\/h2>\n<h2><a title=\"Janek\" href=\"https:\/\/wekka-projekt.pl\/?page_id=253\"><img loading=\"lazy\" decoding=\"async\" class=\"alignnone size-medium wp-image-266\" src=\"https:\/\/wekka-projekt.pl\/wp-content\/uploads\/2014\/10\/gotowe_janek_3-300x194.png\" alt=\"gotowe_janek_3\" width=\"300\" height=\"194\" srcset=\"https:\/\/wekka-projekt.pl\/wp-content\/uploads\/2014\/10\/gotowe_janek_3-300x194.png 300w, https:\/\/wekka-projekt.pl\/wp-content\/uploads\/2014\/10\/gotowe_janek_3.png 702w\" sizes=\"(max-width: 300px) 100vw, 300px\" \/><\/a><a title=\"Janek\" href=\"https:\/\/wekka-projekt.pl\/?page_id=253\"><img loading=\"lazy\" decoding=\"async\" class=\"alignnone size-medium wp-image-295\" src=\"https:\/\/wekka-projekt.pl\/wp-content\/uploads\/2014\/10\/ogrod-300x225.jpg\" alt=\"ogrod\" width=\"300\" height=\"225\" srcset=\"https:\/\/wekka-projekt.pl\/wp-content\/uploads\/2014\/10\/ogrod-300x225.jpg 300w, https:\/\/wekka-projekt.pl\/wp-content\/uploads\/2014\/10\/ogrod.jpg 1024w\" sizes=\"(max-width: 300px) 100vw, 300px\" \/><\/a><\/h2>\n<p><a title=\"Janek\" href=\"https:\/\/wekka-projekt.pl\/?page_id=253\">Zobacz pelny opis projektu.<\/a><\/p>\n<hr \/>\n<h2>Justyna<\/h2>\n<p><a title=\"Justyna\" href=\"https:\/\/wekka-projekt.pl\/?page_id=275\"><img loading=\"lazy\" decoding=\"async\" class=\"alignnone size-medium wp-image-276\" src=\"https:\/\/wekka-projekt.pl\/wp-content\/uploads\/2014\/10\/gotowe_justyna_1-300x197.png\" alt=\"gotowe_justyna_1\" width=\"300\" height=\"197\" srcset=\"https:\/\/wekka-projekt.pl\/wp-content\/uploads\/2014\/10\/gotowe_justyna_1-300x197.png 300w, https:\/\/wekka-projekt.pl\/wp-content\/uploads\/2014\/10\/gotowe_justyna_1.png 663w\" sizes=\"(max-width: 300px) 100vw, 300px\" \/><\/a><a title=\"Justyna\" href=\"https:\/\/wekka-projekt.pl\/?page_id=275\"><img loading=\"lazy\" decoding=\"async\" class=\"alignnone size-medium wp-image-277\" src=\"https:\/\/wekka-projekt.pl\/wp-content\/uploads\/2014\/10\/gotowe_justyna_2-300x186.png\" alt=\"gotowe_justyna_2\" width=\"300\" height=\"186\" srcset=\"https:\/\/wekka-projekt.pl\/wp-content\/uploads\/2014\/10\/gotowe_justyna_2-300x186.png 300w, https:\/\/wekka-projekt.pl\/wp-content\/uploads\/2014\/10\/gotowe_justyna_2.png 646w\" sizes=\"(max-width: 300px) 100vw, 300px\" \/><\/a><a href=\"https:\/\/wekka-projekt.pl\/wp-content\/uploads\/2014\/10\/gotowe_justyna_1.png\"><br \/>\n<\/a><a title=\"Justyna\" href=\"https:\/\/wekka-projekt.pl\/?page_id=275\">Zobacz pelny opis projektu.<\/a><\/p>\n<hr \/>\n<h2>Marysia<\/h2>\n<p><a title=\"Marysia\" href=\"https:\/\/wekka-projekt.pl\/?page_id=394\"><img loading=\"lazy\" decoding=\"async\" class=\"alignnone size-medium wp-image-401\" src=\"https:\/\/wekka-projekt.pl\/wp-content\/uploads\/2014\/12\/mary4-300x212.png\" alt=\"_mary4\" width=\"300\" height=\"212\" srcset=\"https:\/\/wekka-projekt.pl\/wp-content\/uploads\/2014\/12\/mary4-300x212.png 300w, https:\/\/wekka-projekt.pl\/wp-content\/uploads\/2014\/12\/mary4.png 800w\" sizes=\"(max-width: 300px) 100vw, 300px\" \/><\/a><a title=\"Marysia\" href=\"https:\/\/wekka-projekt.pl\/?page_id=394\"><img loading=\"lazy\" decoding=\"async\" class=\"alignnone size-medium wp-image-402\" src=\"https:\/\/wekka-projekt.pl\/wp-content\/uploads\/2014\/12\/mary5-300x211.png\" alt=\"_mary5\" width=\"300\" height=\"211\" srcset=\"https:\/\/wekka-projekt.pl\/wp-content\/uploads\/2014\/12\/mary5-300x211.png 300w, https:\/\/wekka-projekt.pl\/wp-content\/uploads\/2014\/12\/mary5.png 800w\" sizes=\"(max-width: 300px) 100vw, 300px\" \/><\/a><\/p>\n<p><a title=\"Marysia\" href=\"https:\/\/wekka-projekt.pl\/?page_id=394\">Zobacz pelny opis projektu.<\/a><\/p>\n<hr \/>\n<p>&nbsp;<\/p>\n<h2>Zosienka<\/h2>\n<p><a title=\"Zosie\u0144ka\" href=\"https:\/\/wekka-projekt.pl\/?page_id=91\"><img loading=\"lazy\" decoding=\"async\" class=\"alignnone size-medium wp-image-248\" src=\"https:\/\/wekka-projekt.pl\/wp-content\/uploads\/2014\/03\/gotowe_zosia_2-300x211.png\" alt=\"gotowe_zosia_2\" width=\"300\" height=\"211\" srcset=\"https:\/\/wekka-projekt.pl\/wp-content\/uploads\/2014\/03\/gotowe_zosia_2-300x211.png 300w, https:\/\/wekka-projekt.pl\/wp-content\/uploads\/2014\/03\/gotowe_zosia_2.png 800w\" sizes=\"(max-width: 300px) 100vw, 300px\" \/><\/a><a title=\"Zosie\u0144ka\" href=\"https:\/\/wekka-projekt.pl\/?page_id=91\"><img loading=\"lazy\" decoding=\"async\" class=\"alignnone size-medium wp-image-247\" src=\"https:\/\/wekka-projekt.pl\/wp-content\/uploads\/2014\/03\/gotowe_zosia_1-300x211.png\" alt=\"gotowe_zosia_1\" width=\"300\" height=\"211\" srcset=\"https:\/\/wekka-projekt.pl\/wp-content\/uploads\/2014\/03\/gotowe_zosia_1-300x211.png 300w, https:\/\/wekka-projekt.pl\/wp-content\/uploads\/2014\/03\/gotowe_zosia_1.png 800w\" sizes=\"(max-width: 300px) 100vw, 300px\" \/><\/a><a href=\"https:\/\/wekka-projekt.pl\/wp-content\/uploads\/2014\/03\/gotowe_zosia_2.png\"><br \/>\n<\/a><a title=\"Zosie\u0144ka\" href=\"https:\/\/wekka-projekt.pl\/?page_id=91\">Zobacz pelny opis projektu.<\/a><\/p>\n<hr \/>\n<h2>Przytulny<\/h2>\n<p><a title=\"Przytulny\" href=\"https:\/\/wekka-projekt.pl\/?page_id=202\"><img loading=\"lazy\" decoding=\"async\" class=\"alignnone size-medium wp-image-242\" src=\"https:\/\/wekka-projekt.pl\/wp-content\/uploads\/2014\/06\/gotowe_przytulny_1-300x211.png\" alt=\"gotowe_przytulny_1\" width=\"300\" height=\"211\" srcset=\"https:\/\/wekka-projekt.pl\/wp-content\/uploads\/2014\/06\/gotowe_przytulny_1-300x211.png 300w, https:\/\/wekka-projekt.pl\/wp-content\/uploads\/2014\/06\/gotowe_przytulny_1.png 800w\" sizes=\"(max-width: 300px) 100vw, 300px\" \/><\/a><a title=\"Przytulny\" href=\"https:\/\/wekka-projekt.pl\/?page_id=202\"><img loading=\"lazy\" decoding=\"async\" class=\"alignnone size-medium wp-image-298\" src=\"https:\/\/wekka-projekt.pl\/wp-content\/uploads\/2014\/10\/przytulny2-300x187.jpg\" alt=\"przytulny2\" width=\"300\" height=\"187\" srcset=\"https:\/\/wekka-projekt.pl\/wp-content\/uploads\/2014\/10\/przytulny2-300x187.jpg 300w, https:\/\/wekka-projekt.pl\/wp-content\/uploads\/2014\/10\/przytulny2.jpg 1000w\" sizes=\"(max-width: 300px) 100vw, 300px\" \/><\/a><a href=\"https:\/\/wekka-projekt.pl\/wp-content\/uploads\/2014\/06\/gotowe_przytulny_1.png\"><br \/>\n<\/a><a title=\"Przytulny\" href=\"https:\/\/wekka-projekt.pl\/?page_id=202\">Zobacz pelny opis projektu.<\/a><\/p>\n<hr \/>\n<h2><\/h2>\n<h2>Bartek<\/h2>\n<p><a title=\"Bartek\" href=\"https:\/\/wekka-projekt.pl\/?page_id=569\"><img loading=\"lazy\" decoding=\"async\" class=\"alignnone size-medium wp-image-578\" src=\"https:\/\/wekka-projekt.pl\/wp-content\/uploads\/2015\/02\/bartek2-300x211.png\" alt=\"bartek2\" width=\"300\" height=\"211\" srcset=\"https:\/\/wekka-projekt.pl\/wp-content\/uploads\/2015\/02\/bartek2-300x211.png 300w, https:\/\/wekka-projekt.pl\/wp-content\/uploads\/2015\/02\/bartek2.png 790w\" sizes=\"(max-width: 300px) 100vw, 300px\" \/><\/a> <a title=\"Bartek\" href=\"https:\/\/wekka-projekt.pl\/?page_id=569\"><img loading=\"lazy\" decoding=\"async\" class=\"alignnone size-medium wp-image-579\" src=\"https:\/\/wekka-projekt.pl\/wp-content\/uploads\/2015\/02\/bartek3-300x213.png\" alt=\"bartek3\" width=\"300\" height=\"213\" srcset=\"https:\/\/wekka-projekt.pl\/wp-content\/uploads\/2015\/02\/bartek3-300x213.png 300w, https:\/\/wekka-projekt.pl\/wp-content\/uploads\/2015\/02\/bartek3.png 794w\" sizes=\"(max-width: 300px) 100vw, 300px\" \/><\/a><\/p>\n<p><a title=\"Bartek\" href=\"https:\/\/wekka-projekt.pl\/?page_id=569\">Zobacz pelny opis projektu.<\/a><\/p>\n<hr \/>\n<h2>Lilka<\/h2>\n<p><a href=\"https:\/\/wekka-projekt.pl\/?page_id=644\"><img loading=\"lazy\" decoding=\"async\" class=\"alignnone wp-image-641\" src=\"https:\/\/wekka-projekt.pl\/wp-content\/uploads\/2017\/07\/lilka2-213x300.png\" alt=\"\" width=\"259\" height=\"364\" srcset=\"https:\/\/wekka-projekt.pl\/wp-content\/uploads\/2017\/07\/lilka2-213x300.png 213w, https:\/\/wekka-projekt.pl\/wp-content\/uploads\/2017\/07\/lilka2-768x1080.png 768w, https:\/\/wekka-projekt.pl\/wp-content\/uploads\/2017\/07\/lilka2-728x1024.png 728w, https:\/\/wekka-projekt.pl\/wp-content\/uploads\/2017\/07\/lilka2.png 1174w\" sizes=\"(max-width: 259px) 100vw, 259px\" \/><img loading=\"lazy\" decoding=\"async\" class=\"alignnone wp-image-640\" src=\"https:\/\/wekka-projekt.pl\/wp-content\/uploads\/2017\/07\/lilka1-205x300.png\" alt=\"\" width=\"250\" height=\"366\" srcset=\"https:\/\/wekka-projekt.pl\/wp-content\/uploads\/2017\/07\/lilka1-205x300.png 205w, https:\/\/wekka-projekt.pl\/wp-content\/uploads\/2017\/07\/lilka1-768x1123.png 768w, https:\/\/wekka-projekt.pl\/wp-content\/uploads\/2017\/07\/lilka1-701x1024.png 701w, https:\/\/wekka-projekt.pl\/wp-content\/uploads\/2017\/07\/lilka1.png 1139w\" sizes=\"(max-width: 250px) 100vw, 250px\" \/><\/a><\/p>\n<p><a href=\"https:\/\/wekka-projekt.pl\/?page_id=649\">Zobacz pelny opis projektu.<\/a><\/p>\n<hr \/>\n<h2>Krzysztof<\/h2>\n<p><a href=\"https:\/\/wekka-projekt.pl\/?page_id=649\"><img loading=\"lazy\" decoding=\"async\" class=\"alignnone wp-image-654\" src=\"https:\/\/wekka-projekt.pl\/wp-content\/uploads\/2017\/07\/k5-210x300.png\" alt=\"\" width=\"260\" height=\"371\" srcset=\"https:\/\/wekka-projekt.pl\/wp-content\/uploads\/2017\/07\/k5-210x300.png 210w, https:\/\/wekka-projekt.pl\/wp-content\/uploads\/2017\/07\/k5-768x1097.png 768w, https:\/\/wekka-projekt.pl\/wp-content\/uploads\/2017\/07\/k5-717x1024.png 717w, https:\/\/wekka-projekt.pl\/wp-content\/uploads\/2017\/07\/k5.png 1170w\" sizes=\"(max-width: 260px) 100vw, 260px\" \/> <img loading=\"lazy\" decoding=\"async\" class=\"alignnone wp-image-653\" src=\"https:\/\/wekka-projekt.pl\/wp-content\/uploads\/2017\/07\/k4-210x300.png\" alt=\"\" width=\"282\" height=\"403\" srcset=\"https:\/\/wekka-projekt.pl\/wp-content\/uploads\/2017\/07\/k4-210x300.png 210w, https:\/\/wekka-projekt.pl\/wp-content\/uploads\/2017\/07\/k4-768x1099.png 768w, https:\/\/wekka-projekt.pl\/wp-content\/uploads\/2017\/07\/k4-716x1024.png 716w, https:\/\/wekka-projekt.pl\/wp-content\/uploads\/2017\/07\/k4.png 1173w\" sizes=\"(max-width: 282px) 100vw, 282px\" \/><\/a><\/p>\n<p><a href=\"https:\/\/wekka-projekt.pl\/?page_id=649\">Zobacz pelny opis projektu.<\/a><\/p>\n<hr \/>\n<p>&nbsp;<\/p>\n","protected":false},"excerpt":{"rendered":"<p>Wszystkie projekty s\u0105 przystosowane do modyfikacji. Ka\u017cdy z prezentowanych projekt\u00f3w mo\u017cna realizowa\u0107 zamiennie w litym balu, \u00a0szkielecie wype\u0142nionym balikami, a tak\u017ce w systemie tradycyjnym murowanym. Dach zaprojektowano pod dowolne pokrycia. Kolorystyka i detale s\u0105 do ustalenia na indywidualne \u017cyczenie. Pracownia ch\u0119tnie podejmuje si\u0119 dostosowania prezentowanych\u00a0projekt\u00f3w do indywidualnych potrzeb i gustu inwestora, a tak\u017ce warunk\u00f3w lokalizacji. [&hellip;]<\/p>\n","protected":false},"author":1,"featured_media":0,"parent":0,"menu_order":60,"comment_status":"closed","ping_status":"closed","template":"","meta":{"footnotes":""},"class_list":["post-25","page","type-page","status-publish","hentry"],"_links":{"self":[{"href":"https:\/\/wekka-projekt.pl\/index.php?rest_route=\/wp\/v2\/pages\/25"}],"collection":[{"href":"https:\/\/wekka-projekt.pl\/index.php?rest_route=\/wp\/v2\/pages"}],"about":[{"href":"https:\/\/wekka-projekt.pl\/index.php?rest_route=\/wp\/v2\/types\/page"}],"author":[{"embeddable":true,"href":"https:\/\/wekka-projekt.pl\/index.php?rest_route=\/wp\/v2\/users\/1"}],"replies":[{"embeddable":true,"href":"https:\/\/wekka-projekt.pl\/index.php?rest_route=%2Fwp%2Fv2%2Fcomments&post=25"}],"version-history":[{"count":32,"href":"https:\/\/wekka-projekt.pl\/index.php?rest_route=\/wp\/v2\/pages\/25\/revisions"}],"predecessor-version":[{"id":704,"href":"https:\/\/wekka-projekt.pl\/index.php?rest_route=\/wp\/v2\/pages\/25\/revisions\/704"}],"wp:attachment":[{"href":"https:\/\/wekka-projekt.pl\/index.php?rest_route=%2Fwp%2Fv2%2Fmedia&parent=25"}],"curies":[{"name":"wp","href":"https:\/\/api.w.org\/{rel}","templated":true}]}}