{"id":275,"date":"2014-10-07T11:28:37","date_gmt":"2014-10-07T11:28:37","guid":{"rendered":"http:\/\/wekka-projekt.pl\/?page_id=275"},"modified":"2018-08-02T14:30:48","modified_gmt":"2018-08-02T14:30:48","slug":"justyna","status":"publish","type":"page","link":"https:\/\/wekka-projekt.pl\/?page_id=275","title":{"rendered":"Justyna"},"content":{"rendered":"<p><a href=\"https:\/\/wekka-projekt.pl\/wp-content\/uploads\/2018\/08\/gotowe_justynka_7.jpg\" rel=\"attachment wp-att-685\"><img loading=\"lazy\" decoding=\"async\" class=\"alignnone wp-image-685 size-full\" src=\"https:\/\/wekka-projekt.pl\/wp-content\/uploads\/2018\/08\/gotowe_justynka_7.jpg\" alt=\"\" width=\"1378\" height=\"776\" \/><\/a><\/p>\n<p><a style=\"line-height: 1.5;\" href=\"https:\/\/wekka-projekt.pl\/wp-content\/uploads\/2014\/10\/gotowe_justyna_1.png\"><img loading=\"lazy\" decoding=\"async\" class=\"alignnone size-medium wp-image-276\" src=\"https:\/\/wekka-projekt.pl\/wp-content\/uploads\/2014\/10\/gotowe_justyna_1-300x197.png\" alt=\"gotowe_justyna_1\" width=\"300\" height=\"197\" srcset=\"https:\/\/wekka-projekt.pl\/wp-content\/uploads\/2014\/10\/gotowe_justyna_1-300x197.png 300w, https:\/\/wekka-projekt.pl\/wp-content\/uploads\/2014\/10\/gotowe_justyna_1.png 663w\" sizes=\"(max-width: 300px) 100vw, 300px\" \/><\/a><span style=\"line-height: 1.5;\">\u00a0<\/span><a style=\"line-height: 1.5;\" href=\"https:\/\/wekka-projekt.pl\/wp-content\/uploads\/2014\/10\/gotowe_justyna_3.png\"><img loading=\"lazy\" decoding=\"async\" class=\"alignnone size-medium wp-image-278\" src=\"https:\/\/wekka-projekt.pl\/wp-content\/uploads\/2014\/10\/gotowe_justyna_3-300x214.png\" alt=\"gotowe_justyna_3\" width=\"300\" height=\"214\" srcset=\"https:\/\/wekka-projekt.pl\/wp-content\/uploads\/2014\/10\/gotowe_justyna_3-300x214.png 300w, https:\/\/wekka-projekt.pl\/wp-content\/uploads\/2014\/10\/gotowe_justyna_3.png 678w\" sizes=\"(max-width: 300px) 100vw, 300px\" \/><\/a><\/p>\n<p><a href=\"https:\/\/wekka-projekt.pl\/wp-content\/uploads\/2014\/10\/gotowe_justyna_4.png\"><img loading=\"lazy\" decoding=\"async\" class=\"alignnone size-medium wp-image-279\" src=\"https:\/\/wekka-projekt.pl\/wp-content\/uploads\/2014\/10\/gotowe_justyna_4-300x158.png\" alt=\"gotowe_justyna_4\" width=\"300\" height=\"158\" srcset=\"https:\/\/wekka-projekt.pl\/wp-content\/uploads\/2014\/10\/gotowe_justyna_4-300x158.png 300w, https:\/\/wekka-projekt.pl\/wp-content\/uploads\/2014\/10\/gotowe_justyna_4.png 672w\" sizes=\"(max-width: 300px) 100vw, 300px\" \/><\/a> <a href=\"https:\/\/wekka-projekt.pl\/wp-content\/uploads\/2014\/10\/gotowe_justyna_2.png\"><img loading=\"lazy\" decoding=\"async\" class=\"alignnone size-medium wp-image-277\" src=\"https:\/\/wekka-projekt.pl\/wp-content\/uploads\/2014\/10\/gotowe_justyna_2-300x186.png\" alt=\"gotowe_justyna_2\" width=\"300\" height=\"186\" srcset=\"https:\/\/wekka-projekt.pl\/wp-content\/uploads\/2014\/10\/gotowe_justyna_2-300x186.png 300w, https:\/\/wekka-projekt.pl\/wp-content\/uploads\/2014\/10\/gotowe_justyna_2.png 646w\" sizes=\"(max-width: 300px) 100vw, 300px\" \/><\/a><a style=\"line-height: 1.5;\" href=\"https:\/\/wekka-projekt.pl\/wp-content\/uploads\/2014\/10\/gotowe_justyna_5.png\"><img loading=\"lazy\" decoding=\"async\" class=\"alignnone size-medium wp-image-280\" src=\"https:\/\/wekka-projekt.pl\/wp-content\/uploads\/2014\/10\/gotowe_justyna_5-300x207.png\" alt=\"gotowe_justyna_5\" width=\"300\" height=\"207\" srcset=\"https:\/\/wekka-projekt.pl\/wp-content\/uploads\/2014\/10\/gotowe_justyna_5-300x207.png 300w, https:\/\/wekka-projekt.pl\/wp-content\/uploads\/2014\/10\/gotowe_justyna_5.png 759w\" sizes=\"(max-width: 300px) 100vw, 300px\" \/><\/a><a href=\"https:\/\/wekka-projekt.pl\/wp-content\/uploads\/2014\/10\/gotowe_justyna_6.png\"><img loading=\"lazy\" decoding=\"async\" src=\"https:\/\/wekka-projekt.pl\/wp-content\/uploads\/2014\/10\/gotowe_justyna_6-300x222.png\" alt=\"gotowe_justyna_6\" width=\"300\" height=\"222\" \/><\/a><\/p>\n<p><em>\u00a0 \u00a0 Dom zosta\u0142 zaprojektowany jako parterowy z poddaszem u\u017cytkowym. Budynek jest niewielki, ale bardzo funkcjonalny.\u00a0<\/em><em>Jest to dom drewniany w\u00a0<em>szkielecie wype\u0142nionym balikami tzw. sumikowo-\u0142\u0105tkowy. Mo\u017cna \u0142atwo doprojektowa\u0107 ganek, zadaszenie tarasu, lukarny zamiast okien po\u0142aciowych. etc.<\/em><\/em><\/p>\n<p><em>\u00a0Istnieje mo\u017cliwo\u015b\u0107 realizacji w technologii tradycyjnej, murowanej, albo litym balu. \u00a0Pokycie dachu dowolne z dach\u00f3wk\u0105 ceramiczn\u0105 karpi\u00f3wk\u0105 w\u0142\u0105cznie.<\/em><\/p>\n","protected":false},"excerpt":{"rendered":"<p>\u00a0 \u00a0 \u00a0 Dom zosta\u0142 zaprojektowany jako parterowy z poddaszem u\u017cytkowym. Budynek jest niewielki, ale bardzo funkcjonalny.\u00a0Jest to dom drewniany w\u00a0szkielecie wype\u0142nionym balikami tzw. sumikowo-\u0142\u0105tkowy. Mo\u017cna \u0142atwo doprojektowa\u0107 ganek, zadaszenie tarasu, lukarny zamiast okien po\u0142aciowych. etc. \u00a0Istnieje mo\u017cliwo\u015b\u0107 realizacji w technologii tradycyjnej, murowanej, albo litym balu. \u00a0Pokycie dachu dowolne z dach\u00f3wk\u0105 ceramiczn\u0105 karpi\u00f3wk\u0105 w\u0142\u0105cznie.<\/p>\n","protected":false},"author":1,"featured_media":0,"parent":25,"menu_order":0,"comment_status":"closed","ping_status":"closed","template":"","meta":{"footnotes":""},"class_list":["post-275","page","type-page","status-publish","hentry"],"_links":{"self":[{"href":"https:\/\/wekka-projekt.pl\/index.php?rest_route=\/wp\/v2\/pages\/275"}],"collection":[{"href":"https:\/\/wekka-projekt.pl\/index.php?rest_route=\/wp\/v2\/pages"}],"about":[{"href":"https:\/\/wekka-projekt.pl\/index.php?rest_route=\/wp\/v2\/types\/page"}],"author":[{"embeddable":true,"href":"https:\/\/wekka-projekt.pl\/index.php?rest_route=\/wp\/v2\/users\/1"}],"replies":[{"embeddable":true,"href":"https:\/\/wekka-projekt.pl\/index.php?rest_route=%2Fwp%2Fv2%2Fcomments&post=275"}],"version-history":[{"count":16,"href":"https:\/\/wekka-projekt.pl\/index.php?rest_route=\/wp\/v2\/pages\/275\/revisions"}],"predecessor-version":[{"id":691,"href":"https:\/\/wekka-projekt.pl\/index.php?rest_route=\/wp\/v2\/pages\/275\/revisions\/691"}],"up":[{"embeddable":true,"href":"https:\/\/wekka-projekt.pl\/index.php?rest_route=\/wp\/v2\/pages\/25"}],"wp:attachment":[{"href":"https:\/\/wekka-projekt.pl\/index.php?rest_route=%2Fwp%2Fv2%2Fmedia&parent=275"}],"curies":[{"name":"wp","href":"https:\/\/api.w.org\/{rel}","templated":true}]}}