{"id":314,"date":"2014-10-16T09:33:53","date_gmt":"2014-10-16T09:33:53","guid":{"rendered":"http:\/\/wekka-projekt.pl\/?page_id=314"},"modified":"2014-12-19T00:47:57","modified_gmt":"2014-12-19T00:47:57","slug":"zespol","status":"publish","type":"page","link":"https:\/\/wekka-projekt.pl\/?page_id=314","title":{"rendered":"Zesp\u00f3\u0142"},"content":{"rendered":"<p>arch. <strong>Barbara Le\u015bniewska-Wekka<\/strong>\u00a0 tel.\u00a0609 209 913,\u00a0<a href=\"mailto:barbara.wekka@gmail.com\">barbara.wekka@gmail.com<\/a>.<\/p>\n<address><em>Uk<\/em><em>o\u0144<\/em><em>czy\u0142am Wydzia\u0142 Architektury Politechniki Warszawskiej.\u00a0<\/em><em>Pracowa\u0142am min<\/em><em>. w Pracowniach Konserwacji Zabytk\u00f3w i f-mie RESTOR zajmuj\u0105c\u0105 si\u0119 konserwacj\u0105 \u00a0architektury drewnianej. Dzi\u0119ki temu mia\u0142am mo\u017cliwo\u015b\u0107 pracy przy rewaloryzacji hotelu Bristol w Warszawie, budynku komisarii w parku wilanowskim, pa\u0142acu Ostrogskich , kamieniczek w Kutnie i innych zabytkach, a tak\u017ce zrealizowa\u0107 swoje pasje przy rekonstrukcjach budynk\u00f3w drewnianych min. w kurpiowskim skansenie w Nowogrodzie. Do najbardziej pasjonuj\u0105cych realizacji z tego okresu zaliczam rekonstrukcj\u0119 wiatraka ko\u017alaka i m\u0142yna wodnego.\u00a0<\/em><\/address>\n<address><em>Zajmuj\u0119 si\u0119 r\u00f3\u017cnorodn\u0105 tematyk\u0105 projektow\u0105, \u00a0najch\u0119tniej\u00a0<\/em><em>budownictwem drewnianym, \u00a0konserwacj\u0105 zabytk\u00f3w, przebudowami i rewaloryzacjami.\u00a0<\/em>\u00a0<\/address>\n<address>arch.\u00a0<em><strong>Tomasz Wekka \u00a0<\/strong>\u00a0 \u00a0 tel. \u00a0609 209 903,\u00a0<em><a href=\"mailto:wekka@op.pl\">wekka@op.pl<\/a>.<\/em><\/em><\/address>\n<p><em>Uko\u0144czy\u0142em Wydzia\u0142 Architektury Politechniki Warszawskiej.<\/em><em>Najch\u0119tniej zajmuj\u0119 si\u0119 u\u017cyteczno\u015bci\u0105 publiczn\u0105 i budownictwem mieszkaniowym wielorodzinnym.<\/em><em>Mam na swoim koncie r\u00f3\u017cnorodne realizacje, takie jak mennica Aurum przy ul. Walic\u00f3w r\u00f3g Pereca, apartamentowce w Wilanowie, biurowce, hale handlowe, baseny , ale r\u00f3wnie\u017c rewaloryzacje zabytkowych willi w Konstancinie pod Warszaw\u0105.<\/em><\/p>\n<hr \/>\n<p><em>A tu najch\u0119tniej pracujemy &#8230;.<\/em><br \/>\n<img loading=\"lazy\" decoding=\"async\" class=\"alignnone wp-image-193\" src=\"https:\/\/wekka-projekt.pl\/wp-content\/uploads\/2014\/06\/zalesie.png\" alt=\"zalesie\" width=\"600\" height=\"450\" srcset=\"https:\/\/wekka-projekt.pl\/wp-content\/uploads\/2014\/06\/zalesie.png 800w, https:\/\/wekka-projekt.pl\/wp-content\/uploads\/2014\/06\/zalesie-300x225.png 300w\" sizes=\"(max-width: 600px) 100vw, 600px\" \/><a href=\"https:\/\/wekka-projekt.pl\/wp-content\/uploads\/2014\/06\/zalesie.png\"><br \/>\n<\/a><em>Dom w Zalesiu G\u00f3rnym pod Warszaw\u0105<\/em><\/p>\n","protected":false},"excerpt":{"rendered":"<p>arch. Barbara Le\u015bniewska-Wekka\u00a0 tel.\u00a0609 209 913,\u00a0barbara.wekka@gmail.com. Uko\u0144czy\u0142am Wydzia\u0142 Architektury Politechniki Warszawskiej.\u00a0Pracowa\u0142am min. w Pracowniach Konserwacji Zabytk\u00f3w i f-mie RESTOR zajmuj\u0105c\u0105 si\u0119 konserwacj\u0105 \u00a0architektury drewnianej. Dzi\u0119ki temu mia\u0142am mo\u017cliwo\u015b\u0107 pracy przy rewaloryzacji hotelu Bristol w Warszawie, budynku komisarii w parku wilanowskim, pa\u0142acu Ostrogskich , kamieniczek w Kutnie i innych zabytkach, a tak\u017ce zrealizowa\u0107 swoje pasje przy [&hellip;]<\/p>\n","protected":false},"author":1,"featured_media":0,"parent":0,"menu_order":110,"comment_status":"closed","ping_status":"closed","template":"","meta":{"footnotes":""},"class_list":["post-314","page","type-page","status-publish","hentry"],"_links":{"self":[{"href":"https:\/\/wekka-projekt.pl\/index.php?rest_route=\/wp\/v2\/pages\/314"}],"collection":[{"href":"https:\/\/wekka-projekt.pl\/index.php?rest_route=\/wp\/v2\/pages"}],"about":[{"href":"https:\/\/wekka-projekt.pl\/index.php?rest_route=\/wp\/v2\/types\/page"}],"author":[{"embeddable":true,"href":"https:\/\/wekka-projekt.pl\/index.php?rest_route=\/wp\/v2\/users\/1"}],"replies":[{"embeddable":true,"href":"https:\/\/wekka-projekt.pl\/index.php?rest_route=%2Fwp%2Fv2%2Fcomments&post=314"}],"version-history":[{"count":7,"href":"https:\/\/wekka-projekt.pl\/index.php?rest_route=\/wp\/v2\/pages\/314\/revisions"}],"predecessor-version":[{"id":536,"href":"https:\/\/wekka-projekt.pl\/index.php?rest_route=\/wp\/v2\/pages\/314\/revisions\/536"}],"wp:attachment":[{"href":"https:\/\/wekka-projekt.pl\/index.php?rest_route=%2Fwp%2Fv2%2Fmedia&parent=314"}],"curies":[{"name":"wp","href":"https:\/\/api.w.org\/{rel}","templated":true}]}}