{"id":348,"date":"2014-10-19T14:59:29","date_gmt":"2014-10-19T14:59:29","guid":{"rendered":"http:\/\/wekka-projekt.pl\/?page_id=348"},"modified":"2015-02-13T13:48:48","modified_gmt":"2015-02-13T13:48:48","slug":"uzytecznosc-publiczna","status":"publish","type":"page","link":"https:\/\/wekka-projekt.pl\/?page_id=348","title":{"rendered":"U\u017cyteczno\u015b\u0107 publiczna"},"content":{"rendered":"<p><a title=\"Aurum\" href=\"https:\/\/wekka-projekt.pl\/?page_id=351\"><img loading=\"lazy\" decoding=\"async\" class=\"alignnone wp-image-342\" src=\"https:\/\/wekka-projekt.pl\/wp-content\/uploads\/2014\/10\/tom_mennica_foto1-300x214.jpg\" alt=\"tom_mennica_foto1\" width=\"279\" height=\"200\" srcset=\"https:\/\/wekka-projekt.pl\/wp-content\/uploads\/2014\/10\/tom_mennica_foto1-300x214.jpg 300w, https:\/\/wekka-projekt.pl\/wp-content\/uploads\/2014\/10\/tom_mennica_foto1.jpg 800w\" sizes=\"(max-width: 279px) 100vw, 279px\" \/><\/a> <a title=\"Aurum\" href=\"https:\/\/wekka-projekt.pl\/?page_id=351\"><img loading=\"lazy\" decoding=\"async\" class=\"alignnone wp-image-343\" src=\"https:\/\/wekka-projekt.pl\/wp-content\/uploads\/2014\/10\/tom_mennica_foto2-300x194.jpg\" alt=\"tom_mennica_foto2\" width=\"308\" height=\"200\" srcset=\"https:\/\/wekka-projekt.pl\/wp-content\/uploads\/2014\/10\/tom_mennica_foto2-300x194.jpg 300w, https:\/\/wekka-projekt.pl\/wp-content\/uploads\/2014\/10\/tom_mennica_foto2.jpg 791w\" sizes=\"(max-width: 308px) 100vw, 308px\" \/><\/a><a title=\"Aurum\" href=\"https:\/\/wekka-projekt.pl\/?page_id=351\">Budynek biurowy \u2018Aurum\u2019 inwestor ; Mennica Pa\u0144stwowa Warszawa ul. Walic\u00f3w\/Pereca\u00a0realizacja ; 2000 r.<\/a><\/p>\n<hr \/>\n<p><a title=\"Antczak\" href=\"https:\/\/wekka-projekt.pl\/?page_id=354\"><img loading=\"lazy\" decoding=\"async\" class=\"alignnone size-medium wp-image-341\" src=\"https:\/\/wekka-projekt.pl\/wp-content\/uploads\/2014\/10\/tom_dom2-300x196.jpg\" alt=\"tom_dom2\" width=\"300\" height=\"196\" srcset=\"https:\/\/wekka-projekt.pl\/wp-content\/uploads\/2014\/10\/tom_dom2-300x196.jpg 300w, https:\/\/wekka-projekt.pl\/wp-content\/uploads\/2014\/10\/tom_dom2.jpg 800w\" sizes=\"(max-width: 300px) 100vw, 300px\" \/><\/a><br \/>\n<a title=\"Antczak\" href=\"https:\/\/wekka-projekt.pl\/?page_id=354\">Budynek biurowy inwestor; f. \u2018Antczak\u2019 Warszawa ul .Wiertnicza realizacja 2005 r.<\/a><\/p>\n<hr \/>\n<p><a title=\"SEI\" href=\"https:\/\/wekka-projekt.pl\/?page_id=357\"><img loading=\"lazy\" decoding=\"async\" class=\"alignnone size-medium wp-image-340\" src=\"https:\/\/wekka-projekt.pl\/wp-content\/uploads\/2014\/10\/tom_dom1-300x205.jpg\" alt=\"tom_dom1\" width=\"300\" height=\"205\" srcset=\"https:\/\/wekka-projekt.pl\/wp-content\/uploads\/2014\/10\/tom_dom1-300x205.jpg 300w, https:\/\/wekka-projekt.pl\/wp-content\/uploads\/2014\/10\/tom_dom1.jpg 800w\" sizes=\"(max-width: 300px) 100vw, 300px\" \/><br \/>\n<\/a><a title=\"SEI\" href=\"https:\/\/wekka-projekt.pl\/?page_id=357\">Budynek apartamentowy inwestor f. \u2019 SEI \u2018 Warszawa ul. Husarii realizacja 2006 r.<\/a><\/p>\n<hr \/>\n<p><a title=\"Antczak\/Kubicki\" href=\"https:\/\/wekka-projekt.pl\/?page_id=359\"><img loading=\"lazy\" decoding=\"async\" class=\"alignnone size-medium wp-image-346\" src=\"https:\/\/wekka-projekt.pl\/wp-content\/uploads\/2014\/10\/tom_render1-300x183.jpg\" alt=\"tom_render1\" width=\"300\" height=\"183\" srcset=\"https:\/\/wekka-projekt.pl\/wp-content\/uploads\/2014\/10\/tom_render1-300x183.jpg 300w, https:\/\/wekka-projekt.pl\/wp-content\/uploads\/2014\/10\/tom_render1.jpg 800w\" sizes=\"(max-width: 300px) 100vw, 300px\" \/><\/a> <a title=\"Antczak\/Kubicki\" href=\"https:\/\/wekka-projekt.pl\/?page_id=359\"><img loading=\"lazy\" decoding=\"async\" class=\"alignnone size-medium wp-image-347\" src=\"https:\/\/wekka-projekt.pl\/wp-content\/uploads\/2014\/10\/tom_render2-300x183.jpg\" alt=\"tom_render2\" width=\"300\" height=\"183\" srcset=\"https:\/\/wekka-projekt.pl\/wp-content\/uploads\/2014\/10\/tom_render2-300x183.jpg 300w, https:\/\/wekka-projekt.pl\/wp-content\/uploads\/2014\/10\/tom_render2.jpg 800w\" sizes=\"(max-width: 300px) 100vw, 300px\" \/><br \/>\n<\/a><a title=\"Antczak\/Kubicki\" href=\"https:\/\/wekka-projekt.pl\/?page_id=359\">Budynek biurowy inwestor ; \u2018Antczak\/Kubicki\u2019 Warszawa ul. Waflowa , w trakcie realizacji<\/a><\/p>\n<hr \/>\n<p><a title=\"Hala handlowo-us\u0142ugowa\" href=\"https:\/\/wekka-projekt.pl\/?page_id=583\"><img loading=\"lazy\" decoding=\"async\" class=\"alignnone size-medium wp-image-593\" src=\"https:\/\/wekka-projekt.pl\/wp-content\/uploads\/2015\/02\/hala3-300x240.png\" alt=\"hala3\" width=\"300\" height=\"240\" srcset=\"https:\/\/wekka-projekt.pl\/wp-content\/uploads\/2015\/02\/hala3-300x240.png 300w, https:\/\/wekka-projekt.pl\/wp-content\/uploads\/2015\/02\/hala3.png 900w\" sizes=\"(max-width: 300px) 100vw, 300px\" \/> <img loading=\"lazy\" decoding=\"async\" class=\"alignnone  wp-image-592\" src=\"https:\/\/wekka-projekt.pl\/wp-content\/uploads\/2015\/02\/hala2-300x258.png\" alt=\"hala2\" width=\"281\" height=\"241\" srcset=\"https:\/\/wekka-projekt.pl\/wp-content\/uploads\/2015\/02\/hala2-300x258.png 300w, https:\/\/wekka-projekt.pl\/wp-content\/uploads\/2015\/02\/hala2.png 800w\" sizes=\"(max-width: 281px) 100vw, 281px\" \/><\/a><br \/>\n<a title=\"Hala handlowo-us\u0142ugowa\" href=\"https:\/\/wekka-projekt.pl\/?page_id=583\">Hala handlowo-us\u0142ugowa w O\u017carowie Mazowieckim.\u00a0Inwestor prywatny realizacja 2013 r.<\/a><\/p>\n<hr \/>\n<p>&nbsp;<\/p>\n","protected":false},"excerpt":{"rendered":"<p>Budynek biurowy \u2018Aurum\u2019 inwestor ; Mennica Pa\u0144stwowa Warszawa ul. Walic\u00f3w\/Pereca\u00a0realizacja ; 2000 r. Budynek biurowy inwestor; f. \u2018Antczak\u2019 Warszawa ul .Wiertnicza realizacja 2005 r. Budynek apartamentowy inwestor f. \u2019 SEI \u2018 Warszawa ul. Husarii realizacja 2006 r. Budynek biurowy inwestor ; \u2018Antczak\/Kubicki\u2019 Warszawa ul. Waflowa , w trakcie realizacji Hala handlowo-us\u0142ugowa w O\u017carowie Mazowieckim.\u00a0Inwestor prywatny [&hellip;]<\/p>\n","protected":false},"author":1,"featured_media":0,"parent":0,"menu_order":40,"comment_status":"closed","ping_status":"closed","template":"","meta":{"footnotes":""},"class_list":["post-348","page","type-page","status-publish","hentry"],"_links":{"self":[{"href":"https:\/\/wekka-projekt.pl\/index.php?rest_route=\/wp\/v2\/pages\/348"}],"collection":[{"href":"https:\/\/wekka-projekt.pl\/index.php?rest_route=\/wp\/v2\/pages"}],"about":[{"href":"https:\/\/wekka-projekt.pl\/index.php?rest_route=\/wp\/v2\/types\/page"}],"author":[{"embeddable":true,"href":"https:\/\/wekka-projekt.pl\/index.php?rest_route=\/wp\/v2\/users\/1"}],"replies":[{"embeddable":true,"href":"https:\/\/wekka-projekt.pl\/index.php?rest_route=%2Fwp%2Fv2%2Fcomments&post=348"}],"version-history":[{"count":10,"href":"https:\/\/wekka-projekt.pl\/index.php?rest_route=\/wp\/v2\/pages\/348\/revisions"}],"predecessor-version":[{"id":599,"href":"https:\/\/wekka-projekt.pl\/index.php?rest_route=\/wp\/v2\/pages\/348\/revisions\/599"}],"wp:attachment":[{"href":"https:\/\/wekka-projekt.pl\/index.php?rest_route=%2Fwp%2Fv2%2Fmedia&parent=348"}],"curies":[{"name":"wp","href":"https:\/\/api.w.org\/{rel}","templated":true}]}}