{"id":389,"date":"2014-12-18T12:40:44","date_gmt":"2014-12-18T12:40:44","guid":{"rendered":"http:\/\/wekka-projekt.pl\/?page_id=389"},"modified":"2015-02-13T13:45:47","modified_gmt":"2015-02-13T13:45:47","slug":"willa-zaydla","status":"publish","type":"page","link":"https:\/\/wekka-projekt.pl\/?page_id=389","title":{"rendered":"Willa \u2018Zaydla\u2019"},"content":{"rendered":"<p>Rewaloryzacja i rozbudowa (oran\u017ceria i nowa cz\u0119\u015b\u0107 mieszkalna)\u00a0zabytkowej willi \u2018Zaydla\u2019 Konstancin-Jeziorna ul. Su\u0142kowskiego<\/p>\n<p><img loading=\"lazy\" decoding=\"async\" class=\"alignnone wp-image-405 size-full\" src=\"https:\/\/wekka-projekt.pl\/wp-content\/uploads\/2014\/12\/zad1.png\" alt=\"zad1\" width=\"800\" height=\"544\" srcset=\"https:\/\/wekka-projekt.pl\/wp-content\/uploads\/2014\/12\/zad1.png 800w, https:\/\/wekka-projekt.pl\/wp-content\/uploads\/2014\/12\/zad1-300x204.png 300w\" sizes=\"(max-width: 800px) 100vw, 800px\" \/><img loading=\"lazy\" decoding=\"async\" class=\"alignnone wp-image-406 size-full\" src=\"https:\/\/wekka-projekt.pl\/wp-content\/uploads\/2014\/12\/zad2.png\" alt=\"zad2\" width=\"800\" height=\"539\" srcset=\"https:\/\/wekka-projekt.pl\/wp-content\/uploads\/2014\/12\/zad2.png 800w, https:\/\/wekka-projekt.pl\/wp-content\/uploads\/2014\/12\/zad2-300x202.png 300w\" sizes=\"(max-width: 800px) 100vw, 800px\" \/><img loading=\"lazy\" decoding=\"async\" class=\"alignnone wp-image-407 size-full\" src=\"https:\/\/wekka-projekt.pl\/wp-content\/uploads\/2014\/12\/zad3.png\" alt=\"zad3\" width=\"800\" height=\"529\" srcset=\"https:\/\/wekka-projekt.pl\/wp-content\/uploads\/2014\/12\/zad3.png 800w, https:\/\/wekka-projekt.pl\/wp-content\/uploads\/2014\/12\/zad3-300x198.png 300w\" sizes=\"(max-width: 800px) 100vw, 800px\" \/> <img loading=\"lazy\" decoding=\"async\" class=\"alignnone wp-image-429 size-full\" src=\"https:\/\/wekka-projekt.pl\/wp-content\/uploads\/2014\/12\/zad4.png\" alt=\"zad4\" width=\"767\" height=\"570\" srcset=\"https:\/\/wekka-projekt.pl\/wp-content\/uploads\/2014\/12\/zad4.png 767w, https:\/\/wekka-projekt.pl\/wp-content\/uploads\/2014\/12\/zad4-300x222.png 300w\" sizes=\"(max-width: 767px) 100vw, 767px\" \/><\/p>\n","protected":false},"excerpt":{"rendered":"<p>Rewaloryzacja i rozbudowa (oran\u017ceria i nowa cz\u0119\u015b\u0107 mieszkalna)\u00a0zabytkowej willi \u2018Zaydla\u2019 Konstancin-Jeziorna ul. Su\u0142kowskiego<\/p>\n","protected":false},"author":1,"featured_media":0,"parent":382,"menu_order":0,"comment_status":"closed","ping_status":"closed","template":"","meta":{"footnotes":""},"class_list":["post-389","page","type-page","status-publish","hentry"],"_links":{"self":[{"href":"https:\/\/wekka-projekt.pl\/index.php?rest_route=\/wp\/v2\/pages\/389"}],"collection":[{"href":"https:\/\/wekka-projekt.pl\/index.php?rest_route=\/wp\/v2\/pages"}],"about":[{"href":"https:\/\/wekka-projekt.pl\/index.php?rest_route=\/wp\/v2\/types\/page"}],"author":[{"embeddable":true,"href":"https:\/\/wekka-projekt.pl\/index.php?rest_route=\/wp\/v2\/users\/1"}],"replies":[{"embeddable":true,"href":"https:\/\/wekka-projekt.pl\/index.php?rest_route=%2Fwp%2Fv2%2Fcomments&post=389"}],"version-history":[{"count":10,"href":"https:\/\/wekka-projekt.pl\/index.php?rest_route=\/wp\/v2\/pages\/389\/revisions"}],"predecessor-version":[{"id":598,"href":"https:\/\/wekka-projekt.pl\/index.php?rest_route=\/wp\/v2\/pages\/389\/revisions\/598"}],"up":[{"embeddable":true,"href":"https:\/\/wekka-projekt.pl\/index.php?rest_route=\/wp\/v2\/pages\/382"}],"wp:attachment":[{"href":"https:\/\/wekka-projekt.pl\/index.php?rest_route=%2Fwp%2Fv2%2Fmedia&parent=389"}],"curies":[{"name":"wp","href":"https:\/\/api.w.org\/{rel}","templated":true}]}}