{"id":394,"date":"2014-12-18T12:46:31","date_gmt":"2014-12-18T12:46:31","guid":{"rendered":"http:\/\/wekka-projekt.pl\/?page_id=394"},"modified":"2014-12-18T13:10:57","modified_gmt":"2014-12-18T13:10:57","slug":"marysia","status":"publish","type":"page","link":"https:\/\/wekka-projekt.pl\/?page_id=394","title":{"rendered":"Marysia"},"content":{"rendered":"<p><a href=\"https:\/\/wekka-projekt.pl\/wp-content\/uploads\/2014\/12\/mary4.png\"><img loading=\"lazy\" decoding=\"async\" class=\"alignnone size-medium wp-image-401\" src=\"https:\/\/wekka-projekt.pl\/wp-content\/uploads\/2014\/12\/mary4-300x212.png\" alt=\"_mary4\" width=\"300\" height=\"212\" srcset=\"https:\/\/wekka-projekt.pl\/wp-content\/uploads\/2014\/12\/mary4-300x212.png 300w, https:\/\/wekka-projekt.pl\/wp-content\/uploads\/2014\/12\/mary4.png 800w\" sizes=\"(max-width: 300px) 100vw, 300px\" \/><\/a> <a href=\"https:\/\/wekka-projekt.pl\/wp-content\/uploads\/2014\/12\/mary5.png\"><img loading=\"lazy\" decoding=\"async\" class=\"alignnone size-medium wp-image-402\" src=\"https:\/\/wekka-projekt.pl\/wp-content\/uploads\/2014\/12\/mary5-300x211.png\" alt=\"_mary5\" width=\"300\" height=\"211\" srcset=\"https:\/\/wekka-projekt.pl\/wp-content\/uploads\/2014\/12\/mary5-300x211.png 300w, https:\/\/wekka-projekt.pl\/wp-content\/uploads\/2014\/12\/mary5.png 800w\" sizes=\"(max-width: 300px) 100vw, 300px\" \/><\/a><\/p>\n<p>&#8216;Marysia&#8217; To wygodny dom podmiejski zaprojektowany dla ma\u0142\u017ce\u0144stwa.\u00a0Pi\u0119knie prezentuje si\u0119 w otoczeniu zieleni.<\/p>\n<p><a href=\"https:\/\/wekka-projekt.pl\/wp-content\/uploads\/2014\/12\/mary3.png\"><img loading=\"lazy\" decoding=\"async\" class=\"alignnone size-medium wp-image-400\" src=\"https:\/\/wekka-projekt.pl\/wp-content\/uploads\/2014\/12\/mary3-300x212.png\" alt=\"_mary3\" width=\"300\" height=\"212\" srcset=\"https:\/\/wekka-projekt.pl\/wp-content\/uploads\/2014\/12\/mary3-300x212.png 300w, https:\/\/wekka-projekt.pl\/wp-content\/uploads\/2014\/12\/mary3.png 800w\" sizes=\"(max-width: 300px) 100vw, 300px\" \/><\/a> <a href=\"https:\/\/wekka-projekt.pl\/wp-content\/uploads\/2014\/12\/mary2.png\"><img loading=\"lazy\" decoding=\"async\" class=\"alignnone size-medium wp-image-399\" src=\"https:\/\/wekka-projekt.pl\/wp-content\/uploads\/2014\/12\/mary2-300x212.png\" alt=\"_mary2\" width=\"300\" height=\"212\" srcset=\"https:\/\/wekka-projekt.pl\/wp-content\/uploads\/2014\/12\/mary2-300x212.png 300w, https:\/\/wekka-projekt.pl\/wp-content\/uploads\/2014\/12\/mary2.png 800w\" sizes=\"(max-width: 300px) 100vw, 300px\" \/><\/a> <a href=\"https:\/\/wekka-projekt.pl\/wp-content\/uploads\/2014\/12\/mary1.png\"><img loading=\"lazy\" decoding=\"async\" class=\"alignnone size-medium wp-image-398\" src=\"https:\/\/wekka-projekt.pl\/wp-content\/uploads\/2014\/12\/mary1-300x212.png\" alt=\"_mary1\" width=\"300\" height=\"212\" srcset=\"https:\/\/wekka-projekt.pl\/wp-content\/uploads\/2014\/12\/mary1-300x212.png 300w, https:\/\/wekka-projekt.pl\/wp-content\/uploads\/2014\/12\/mary1.png 800w\" sizes=\"(max-width: 300px) 100vw, 300px\" \/><\/a><\/p>\n<p>Budynek mieszkalny jednorodzinny zosta\u0142 zaprojektowany jako parterowy, odpiwniczony poddaszem u\u017cytkowym, z zadaszonym tarasem przylegaj\u0105cym do boku budynku.\u00a0\u015aciany parteru wykonane w konstrukcji tradycyjnej murowanej.<\/p>\n<p>Na parterze zaprojektowano sie\u0144, hall ze schodami na poddasze i do piwnicy, gabinet, w.c., sypialni\u0119 z garderob\u0105 i \u0142azienk\u0105, salon po\u0142\u0105czony z jadalni\u0105 i oran\u017ceri\u0105 oraz kuchni\u0119 ze spi\u017carni\u0105.<\/p>\n<p>W salonie zaprojektowano kominek i wyj\u015bcie na zadaszony taras.\u00a0W piwnicy zaplanowano gara\u017c dwustanowiskowy, kot\u0142owni\u0119 , pralni\u0119, spi\u017carni\u0119, s\u0142u\u017cb\u00f3wk\u0119, \u0142azienk\u0119 i piwnic\u0119.<\/p>\n<p>Na poddaszu, cz\u0119\u015bciowo w skosach zaprojektowano ma\u0142\u0105 \u0142azienk\u0119, pok\u00f3j rekreacyjny i strych dost\u0119pne z ma\u0142ego korytarza.<\/p>\n<p>\u015aciany parteru wyprawione b\u0119d\u0105 tynkiem cienkowarstwowym w kolorze bia\u0142ym, dach zaprojektowano pod dach\u00f3wk\u0119 ceramiczn\u0105 &#8211; karpi\u00f3wk\u0119, stolarka w kolorze przyciemnionego drewna.<\/p>\n<p>Przewidziano mo\u017cliwo\u015b\u0107 wyposa\u017cenia budynku w instalacj\u0119 wodno-kanalizacyjn\u0105, gazow\u0105, elektryczn\u0105 i ewentualnie odgromow\u0105.<\/p>\n<p><strong>DANE LICZBOWE :<br \/>\n<\/strong>(dom + zadaszenie tarasu + podcie\u0144 = razem)<\/p>\n<table>\n<tbody>\n<tr>\n<td><strong>Powierzchnia zabudowy<\/strong><br \/>\n<strong>Powierzchnia zabudowana<\/strong><\/td>\n<td>178,49 m2<\/td>\n<td>18,44<\/td>\n<td>11,56<\/td>\n<td>208,49 m2<\/td>\n<\/tr>\n<tr>\n<td><strong>Powierzchnia ca\u0142kowita<\/strong><\/td>\n<td>435,80<\/td>\n<td><\/td>\n<td><\/td>\n<td><\/td>\n<\/tr>\n<tr>\n<td><strong>Powierzchnia u\u017cytkowa<\/strong><br \/>\nPiwnica : 155,66 m2<br \/>\nPater : 144,03 m2<br \/>\nPoddasze : 74,09 ( 104,97 ) m2<\/td>\n<td>373,78<\/td>\n<td><\/td>\n<td><\/td>\n<td><\/td>\n<\/tr>\n<tr>\n<td><strong>Kubatura zewn\u0119trzna<\/strong><\/td>\n<td>680,00<\/td>\n<td><\/td>\n<td><\/td>\n<td><\/td>\n<\/tr>\n<\/tbody>\n<\/table>\n","protected":false},"excerpt":{"rendered":"<p>&#8216;Marysia&#8217; To wygodny dom podmiejski zaprojektowany dla ma\u0142\u017ce\u0144stwa.\u00a0Pi\u0119knie prezentuje si\u0119 w otoczeniu zieleni. Budynek mieszkalny jednorodzinny zosta\u0142 zaprojektowany jako parterowy, odpiwniczony poddaszem u\u017cytkowym, z zadaszonym tarasem przylegaj\u0105cym do boku budynku.\u00a0\u015aciany parteru wykonane w konstrukcji tradycyjnej murowanej. Na parterze zaprojektowano sie\u0144, hall ze schodami na poddasze i do piwnicy, gabinet, w.c., sypialni\u0119 z garderob\u0105 i \u0142azienk\u0105, [&hellip;]<\/p>\n","protected":false},"author":1,"featured_media":0,"parent":25,"menu_order":0,"comment_status":"closed","ping_status":"closed","template":"","meta":{"footnotes":""},"class_list":["post-394","page","type-page","status-publish","hentry"],"_links":{"self":[{"href":"https:\/\/wekka-projekt.pl\/index.php?rest_route=\/wp\/v2\/pages\/394"}],"collection":[{"href":"https:\/\/wekka-projekt.pl\/index.php?rest_route=\/wp\/v2\/pages"}],"about":[{"href":"https:\/\/wekka-projekt.pl\/index.php?rest_route=\/wp\/v2\/types\/page"}],"author":[{"embeddable":true,"href":"https:\/\/wekka-projekt.pl\/index.php?rest_route=\/wp\/v2\/users\/1"}],"replies":[{"embeddable":true,"href":"https:\/\/wekka-projekt.pl\/index.php?rest_route=%2Fwp%2Fv2%2Fcomments&post=394"}],"version-history":[{"count":4,"href":"https:\/\/wekka-projekt.pl\/index.php?rest_route=\/wp\/v2\/pages\/394\/revisions"}],"predecessor-version":[{"id":403,"href":"https:\/\/wekka-projekt.pl\/index.php?rest_route=\/wp\/v2\/pages\/394\/revisions\/403"}],"up":[{"embeddable":true,"href":"https:\/\/wekka-projekt.pl\/index.php?rest_route=\/wp\/v2\/pages\/25"}],"wp:attachment":[{"href":"https:\/\/wekka-projekt.pl\/index.php?rest_route=%2Fwp%2Fv2%2Fmedia&parent=394"}],"curies":[{"name":"wp","href":"https:\/\/api.w.org\/{rel}","templated":true}]}}