{"id":490,"date":"2014-12-18T17:50:32","date_gmt":"2014-12-18T17:50:32","guid":{"rendered":"http:\/\/wekka-projekt.pl\/?page_id=490"},"modified":"2015-02-14T13:32:37","modified_gmt":"2015-02-14T13:32:37","slug":"home","status":"publish","type":"page","link":"https:\/\/wekka-projekt.pl\/","title":{"rendered":"Home"},"content":{"rendered":"<p>Witamy na stronie\u00a0pracowni architektonicznej <strong>Wekka Projekt<\/strong>.<\/p>\n<p>Poniewa\u017c lista realizacji jest d\u0142uga przedstawimy tylko te najbardziej charakterystyczne dla ka\u017cdej dziedziny dzia\u0142alno\u015bci:<\/p>\n<p><a title=\"SEI\" href=\"https:\/\/wekka-projekt.pl\/?page_id=357\"><img loading=\"lazy\" decoding=\"async\" class=\"alignnone wp-image-340\" src=\"https:\/\/wekka-projekt.pl\/wp-content\/uploads\/2014\/10\/tom_dom1-300x205.jpg\" alt=\"tom_dom1\" width=\"291\" height=\"200\" srcset=\"https:\/\/wekka-projekt.pl\/wp-content\/uploads\/2014\/10\/tom_dom1-300x205.jpg 300w, https:\/\/wekka-projekt.pl\/wp-content\/uploads\/2014\/10\/tom_dom1.jpg 800w\" sizes=\"(max-width: 291px) 100vw, 291px\" \/><\/a> <a title=\"Aurum\" href=\"https:\/\/wekka-projekt.pl\/?page_id=351\"><img loading=\"lazy\" decoding=\"async\" class=\"alignnone wp-image-342\" src=\"https:\/\/wekka-projekt.pl\/wp-content\/uploads\/2014\/10\/tom_mennica_foto1-300x214.jpg\" alt=\"tom_mennica_foto1\" width=\"279\" height=\"200\" srcset=\"https:\/\/wekka-projekt.pl\/wp-content\/uploads\/2014\/10\/tom_mennica_foto1-300x214.jpg 300w, https:\/\/wekka-projekt.pl\/wp-content\/uploads\/2014\/10\/tom_mennica_foto1.jpg 800w\" sizes=\"(max-width: 279px) 100vw, 279px\" \/><\/a>\u00a0 <a title=\"Domy drewniane\" href=\"https:\/\/wekka-projekt.pl\/?page_id=166\"><img loading=\"lazy\" decoding=\"async\" class=\"alignnone wp-image-214\" src=\"https:\/\/wekka-projekt.pl\/wp-content\/uploads\/2014\/06\/drewniane8-300x199.png\" alt=\"drewniane8\" width=\"270\" height=\"180\" srcset=\"https:\/\/wekka-projekt.pl\/wp-content\/uploads\/2014\/06\/drewniane8-300x199.png 300w, https:\/\/wekka-projekt.pl\/wp-content\/uploads\/2014\/06\/drewniane8.png 800w\" sizes=\"(max-width: 270px) 100vw, 270px\" \/><\/a> <a title=\"Domy drewniane\" href=\"https:\/\/wekka-projekt.pl\/?page_id=166\"><img loading=\"lazy\" decoding=\"async\" class=\"alignnone size-full wp-image-217\" src=\"https:\/\/wekka-projekt.pl\/wp-content\/uploads\/2014\/06\/drewniane11.png\" alt=\"drewniane11\" width=\"300\" height=\"225\" \/><\/a> <a title=\"Domy drewniane\" href=\"https:\/\/wekka-projekt.pl\/?page_id=166\"><img loading=\"lazy\" decoding=\"async\" class=\"alignnone size-medium wp-image-211\" src=\"https:\/\/wekka-projekt.pl\/wp-content\/uploads\/2014\/06\/drewniane5-300x225.png\" alt=\"drewniane5\" width=\"300\" height=\"225\" srcset=\"https:\/\/wekka-projekt.pl\/wp-content\/uploads\/2014\/06\/drewniane5-300x225.png 300w, https:\/\/wekka-projekt.pl\/wp-content\/uploads\/2014\/06\/drewniane5.png 800w\" sizes=\"(max-width: 300px) 100vw, 300px\" \/><\/a> <a title=\"Domy drewniane\" href=\"https:\/\/wekka-projekt.pl\/?page_id=166\"><img loading=\"lazy\" decoding=\"async\" class=\"alignnone size-full wp-image-218\" src=\"https:\/\/wekka-projekt.pl\/wp-content\/uploads\/2014\/06\/drewniane12.png\" alt=\"drewniane12\" width=\"300\" height=\"200\" \/><\/a>\u00a0<a title=\"Willa \u2018Pod \u0141ab\u0119dziami\u2019\" href=\"https:\/\/wekka-projekt.pl\/?page_id=385\">\u00a0<\/a><a title=\"Willa w Konstancinie-Jeziorna\" href=\"https:\/\/wekka-projekt.pl\/?page_id=387\"><img loading=\"lazy\" decoding=\"async\" class=\"alignnone wp-image-416\" src=\"https:\/\/wekka-projekt.pl\/wp-content\/uploads\/2014\/12\/mur03b-300x276.png\" alt=\"mur03b\" width=\"354\" height=\"326\" srcset=\"https:\/\/wekka-projekt.pl\/wp-content\/uploads\/2014\/12\/mur03b-300x276.png 300w, https:\/\/wekka-projekt.pl\/wp-content\/uploads\/2014\/12\/mur03b.png 886w\" sizes=\"(max-width: 354px) 100vw, 354px\" \/><\/a>\u00a0<a href=\"https:\/\/wekka-projekt.pl\/?page_id=385\"><img loading=\"lazy\" decoding=\"async\" class=\"alignnone wp-image-411\" src=\"https:\/\/wekka-projekt.pl\/wp-content\/uploads\/2014\/12\/mur01d-221x300.png\" alt=\"mur01d\" width=\"240\" height=\"326\" srcset=\"https:\/\/wekka-projekt.pl\/wp-content\/uploads\/2014\/12\/mur01d-221x300.png 221w, https:\/\/wekka-projekt.pl\/wp-content\/uploads\/2014\/12\/mur01d.png 700w\" sizes=\"(max-width: 240px) 100vw, 240px\" \/><\/a><a title=\"Willa \u2018Zaydla\u2019\" href=\"https:\/\/wekka-projekt.pl\/?page_id=389\"><img loading=\"lazy\" decoding=\"async\" class=\"alignnone wp-image-405\" src=\"https:\/\/wekka-projekt.pl\/wp-content\/uploads\/2014\/12\/zad1-300x204.png\" alt=\"zad1\" width=\"288\" height=\"196\" srcset=\"https:\/\/wekka-projekt.pl\/wp-content\/uploads\/2014\/12\/zad1-300x204.png 300w, https:\/\/wekka-projekt.pl\/wp-content\/uploads\/2014\/12\/zad1.png 800w\" sizes=\"(max-width: 288px) 100vw, 288px\" \/><\/a>\u00a0<a title=\"Antczak\" href=\"https:\/\/wekka-projekt.pl\/?page_id=354\"><img loading=\"lazy\" decoding=\"async\" class=\"alignnone wp-image-341\" src=\"https:\/\/wekka-projekt.pl\/wp-content\/uploads\/2014\/10\/tom_dom2-300x196.jpg\" alt=\"tom_dom2\" width=\"300\" height=\"196\" srcset=\"https:\/\/wekka-projekt.pl\/wp-content\/uploads\/2014\/10\/tom_dom2-300x196.jpg 300w, https:\/\/wekka-projekt.pl\/wp-content\/uploads\/2014\/10\/tom_dom2.jpg 800w\" sizes=\"(max-width: 300px) 100vw, 300px\" \/><\/a><a title=\"Antczak\/Kubicki\" href=\"https:\/\/wekka-projekt.pl\/?page_id=359\"><img loading=\"lazy\" decoding=\"async\" class=\"alignnone wp-image-346\" src=\"https:\/\/wekka-projekt.pl\/wp-content\/uploads\/2014\/10\/tom_render1-300x183.jpg\" alt=\"tom_render1\" width=\"327\" height=\"200\" srcset=\"https:\/\/wekka-projekt.pl\/wp-content\/uploads\/2014\/10\/tom_render1-300x183.jpg 300w, https:\/\/wekka-projekt.pl\/wp-content\/uploads\/2014\/10\/tom_render1.jpg 800w\" sizes=\"(max-width: 327px) 100vw, 327px\" \/><\/a>\u00a0<a title=\"Janek\" href=\"https:\/\/wekka-projekt.pl\/?page_id=253\"><img loading=\"lazy\" decoding=\"async\" class=\"alignnone wp-image-295\" src=\"https:\/\/wekka-projekt.pl\/wp-content\/uploads\/2014\/10\/ogrod-300x225.jpg\" alt=\"ogrod\" width=\"267\" height=\"200\" srcset=\"https:\/\/wekka-projekt.pl\/wp-content\/uploads\/2014\/10\/ogrod-300x225.jpg 300w, https:\/\/wekka-projekt.pl\/wp-content\/uploads\/2014\/10\/ogrod.jpg 1024w\" sizes=\"(max-width: 267px) 100vw, 267px\" \/><\/a><a title=\"Pensjonat na morzu\" href=\"https:\/\/wekka-projekt.pl\/?page_id=585\"><img loading=\"lazy\" decoding=\"async\" class=\"alignnone size-medium wp-image-587\" src=\"https:\/\/wekka-projekt.pl\/wp-content\/uploads\/2015\/02\/domnapalach1-300x188.jpg\" alt=\"domnapalach1\" width=\"300\" height=\"188\" srcset=\"https:\/\/wekka-projekt.pl\/wp-content\/uploads\/2015\/02\/domnapalach1-300x188.jpg 300w, https:\/\/wekka-projekt.pl\/wp-content\/uploads\/2015\/02\/domnapalach1.jpg 942w\" sizes=\"(max-width: 300px) 100vw, 300px\" \/><\/a>\u00a0 \u00a0 \u00a0 \u00a0 \u00a0 \u00a0 \u00a0 \u00a0 \u00a0 \u00a0 \u00a0 \u00a0 \u00a0<a title=\"Hala handlowo-us\u0142ugowa\" href=\"https:\/\/wekka-projekt.pl\/?page_id=583\"><img loading=\"lazy\" decoding=\"async\" class=\"alignnone  wp-image-592\" src=\"https:\/\/wekka-projekt.pl\/wp-content\/uploads\/2015\/02\/hala2-300x258.png\" alt=\"hala2\" width=\"223\" height=\"192\" srcset=\"https:\/\/wekka-projekt.pl\/wp-content\/uploads\/2015\/02\/hala2-300x258.png 300w, https:\/\/wekka-projekt.pl\/wp-content\/uploads\/2015\/02\/hala2.png 800w\" sizes=\"(max-width: 223px) 100vw, 223px\" \/><\/a><a title=\"Pensjonat na morzu\" href=\"https:\/\/wekka-projekt.pl\/?page_id=585\"><img loading=\"lazy\" decoding=\"async\" class=\"alignnone size-medium wp-image-588\" src=\"https:\/\/wekka-projekt.pl\/wp-content\/uploads\/2015\/02\/domnapalach2-300x188.png\" alt=\"domnapalach2\" width=\"300\" height=\"188\" srcset=\"https:\/\/wekka-projekt.pl\/wp-content\/uploads\/2015\/02\/domnapalach2-300x188.png 300w, https:\/\/wekka-projekt.pl\/wp-content\/uploads\/2015\/02\/domnapalach2.png 942w\" sizes=\"(max-width: 300px) 100vw, 300px\" \/><\/a><a title=\"Marysia\" href=\"https:\/\/wekka-projekt.pl\/?page_id=394\"><img loading=\"lazy\" decoding=\"async\" class=\"alignnone wp-image-401 \" src=\"https:\/\/wekka-projekt.pl\/wp-content\/uploads\/2014\/12\/mary4-300x212.png\" alt=\"_mary4\" width=\"286\" height=\"202\" srcset=\"https:\/\/wekka-projekt.pl\/wp-content\/uploads\/2014\/12\/mary4-300x212.png 300w, https:\/\/wekka-projekt.pl\/wp-content\/uploads\/2014\/12\/mary4.png 800w\" sizes=\"(max-width: 286px) 100vw, 286px\" \/><\/a>\u00a0 <a title=\"Zosie\u0144ka\" href=\"https:\/\/wekka-projekt.pl\/?page_id=91\"><img loading=\"lazy\" decoding=\"async\" class=\"alignnone size-medium wp-image-248\" src=\"https:\/\/wekka-projekt.pl\/wp-content\/uploads\/2014\/03\/gotowe_zosia_2-300x211.png\" alt=\"gotowe_zosia_2\" width=\"300\" height=\"211\" srcset=\"https:\/\/wekka-projekt.pl\/wp-content\/uploads\/2014\/03\/gotowe_zosia_2-300x211.png 300w, https:\/\/wekka-projekt.pl\/wp-content\/uploads\/2014\/03\/gotowe_zosia_2.png 800w\" sizes=\"(max-width: 300px) 100vw, 300px\" \/><\/a><a title=\"Przytulny\" href=\"https:\/\/wekka-projekt.pl\/?page_id=202\"><img loading=\"lazy\" decoding=\"async\" class=\"alignnone  wp-image-298\" src=\"https:\/\/wekka-projekt.pl\/wp-content\/uploads\/2014\/10\/przytulny2-300x187.jpg\" alt=\"przytulny2\" width=\"270\" height=\"168\" srcset=\"https:\/\/wekka-projekt.pl\/wp-content\/uploads\/2014\/10\/przytulny2-300x187.jpg 300w, https:\/\/wekka-projekt.pl\/wp-content\/uploads\/2014\/10\/przytulny2.jpg 1000w\" sizes=\"(max-width: 270px) 100vw, 270px\" \/><\/a><\/p>\n<p>&nbsp;<\/p>\n","protected":false},"excerpt":{"rendered":"<p>Witamy na stronie\u00a0pracowni architektonicznej Wekka Projekt. Poniewa\u017c lista realizacji jest d\u0142uga przedstawimy tylko te najbardziej charakterystyczne dla ka\u017cdej dziedziny dzia\u0142alno\u015bci: \u00a0 \u00a0\u00a0\u00a0\u00a0\u00a0\u00a0 \u00a0 \u00a0 \u00a0 \u00a0 \u00a0 \u00a0 \u00a0 \u00a0 \u00a0 \u00a0 \u00a0 \u00a0\u00a0 &nbsp;<\/p>\n","protected":false},"author":1,"featured_media":0,"parent":0,"menu_order":10,"comment_status":"closed","ping_status":"closed","template":"","meta":{"footnotes":""},"class_list":["post-490","page","type-page","status-publish","hentry"],"_links":{"self":[{"href":"https:\/\/wekka-projekt.pl\/index.php?rest_route=\/wp\/v2\/pages\/490"}],"collection":[{"href":"https:\/\/wekka-projekt.pl\/index.php?rest_route=\/wp\/v2\/pages"}],"about":[{"href":"https:\/\/wekka-projekt.pl\/index.php?rest_route=\/wp\/v2\/types\/page"}],"author":[{"embeddable":true,"href":"https:\/\/wekka-projekt.pl\/index.php?rest_route=\/wp\/v2\/users\/1"}],"replies":[{"embeddable":true,"href":"https:\/\/wekka-projekt.pl\/index.php?rest_route=%2Fwp%2Fv2%2Fcomments&post=490"}],"version-history":[{"count":25,"href":"https:\/\/wekka-projekt.pl\/index.php?rest_route=\/wp\/v2\/pages\/490\/revisions"}],"predecessor-version":[{"id":604,"href":"https:\/\/wekka-projekt.pl\/index.php?rest_route=\/wp\/v2\/pages\/490\/revisions\/604"}],"wp:attachment":[{"href":"https:\/\/wekka-projekt.pl\/index.php?rest_route=%2Fwp%2Fv2%2Fmedia&parent=490"}],"curies":[{"name":"wp","href":"https:\/\/api.w.org\/{rel}","templated":true}]}}