{"id":569,"date":"2015-02-13T13:17:01","date_gmt":"2015-02-13T13:17:01","guid":{"rendered":"http:\/\/wekka-projekt.pl\/?page_id=569"},"modified":"2015-03-23T10:33:28","modified_gmt":"2015-03-23T10:33:28","slug":"bartek","status":"publish","type":"page","link":"https:\/\/wekka-projekt.pl\/?page_id=569","title":{"rendered":"Bartek"},"content":{"rendered":"<p><a href=\"https:\/\/wekka-projekt.pl\/wp-content\/uploads\/2015\/02\/bartek2.png\"><img loading=\"lazy\" decoding=\"async\" class=\"alignnone size-medium wp-image-578\" src=\"https:\/\/wekka-projekt.pl\/wp-content\/uploads\/2015\/02\/bartek2-300x211.png\" alt=\"bartek2\" width=\"300\" height=\"211\" srcset=\"https:\/\/wekka-projekt.pl\/wp-content\/uploads\/2015\/02\/bartek2-300x211.png 300w, https:\/\/wekka-projekt.pl\/wp-content\/uploads\/2015\/02\/bartek2.png 790w\" sizes=\"(max-width: 300px) 100vw, 300px\" \/><\/a> <a href=\"https:\/\/wekka-projekt.pl\/wp-content\/uploads\/2015\/02\/bartek1.png\"><img loading=\"lazy\" decoding=\"async\" class=\"alignnone  wp-image-577\" src=\"https:\/\/wekka-projekt.pl\/wp-content\/uploads\/2015\/02\/bartek1-300x210.png\" alt=\"bartek1\" width=\"293\" height=\"205\" srcset=\"https:\/\/wekka-projekt.pl\/wp-content\/uploads\/2015\/02\/bartek1-300x210.png 300w, https:\/\/wekka-projekt.pl\/wp-content\/uploads\/2015\/02\/bartek1.png 786w\" sizes=\"(max-width: 293px) 100vw, 293px\" \/><\/a>\u00a0<a href=\"https:\/\/wekka-projekt.pl\/wp-content\/uploads\/2015\/02\/bartek_new.png\"><img loading=\"lazy\" decoding=\"async\" class=\"alignnone size-medium wp-image-607\" src=\"https:\/\/wekka-projekt.pl\/wp-content\/uploads\/2015\/02\/bartek_new-300x229.png\" alt=\"bartek_new\" width=\"300\" height=\"229\" srcset=\"https:\/\/wekka-projekt.pl\/wp-content\/uploads\/2015\/02\/bartek_new-300x229.png 300w, https:\/\/wekka-projekt.pl\/wp-content\/uploads\/2015\/02\/bartek_new.png 600w\" sizes=\"(max-width: 300px) 100vw, 300px\" \/><\/a><\/p>\n<p><em>Dom zosta\u0142 zaprojektowany jako parterowy w litym balu.<\/em><\/p>\n<p><em>W miejscu garderoby zamiast schod\u00f3w sk\u0142adanych na strych mo\u017cna wstawi\u0107 schody i uzyska\u0107 dodatkow\u0105 przestrze\u0144 na poddaszu.<\/em><\/p>\n<p><em>\u015aciany mo\u017cna r\u00f3wnie\u017c wymurowa\u0107 lub wykona\u0107 w szkielecie wype\u0142nionym balikami tzw. sumikowo-\u0142\u0105tkowy.<\/em><\/p>\n<p><em>Pokrycie dachu dowolne.<\/em><\/p>\n","protected":false},"excerpt":{"rendered":"<p>\u00a0 Dom zosta\u0142 zaprojektowany jako parterowy w litym balu. W miejscu garderoby zamiast schod\u00f3w sk\u0142adanych na strych mo\u017cna wstawi\u0107 schody i uzyska\u0107 dodatkow\u0105 przestrze\u0144 na poddaszu. \u015aciany mo\u017cna r\u00f3wnie\u017c wymurowa\u0107 lub wykona\u0107 w szkielecie wype\u0142nionym balikami tzw. sumikowo-\u0142\u0105tkowy. Pokrycie dachu dowolne.<\/p>\n","protected":false},"author":1,"featured_media":0,"parent":25,"menu_order":99,"comment_status":"closed","ping_status":"closed","template":"","meta":{"footnotes":""},"class_list":["post-569","page","type-page","status-publish","hentry"],"_links":{"self":[{"href":"https:\/\/wekka-projekt.pl\/index.php?rest_route=\/wp\/v2\/pages\/569"}],"collection":[{"href":"https:\/\/wekka-projekt.pl\/index.php?rest_route=\/wp\/v2\/pages"}],"about":[{"href":"https:\/\/wekka-projekt.pl\/index.php?rest_route=\/wp\/v2\/types\/page"}],"author":[{"embeddable":true,"href":"https:\/\/wekka-projekt.pl\/index.php?rest_route=\/wp\/v2\/users\/1"}],"replies":[{"embeddable":true,"href":"https:\/\/wekka-projekt.pl\/index.php?rest_route=%2Fwp%2Fv2%2Fcomments&post=569"}],"version-history":[{"count":6,"href":"https:\/\/wekka-projekt.pl\/index.php?rest_route=\/wp\/v2\/pages\/569\/revisions"}],"predecessor-version":[{"id":608,"href":"https:\/\/wekka-projekt.pl\/index.php?rest_route=\/wp\/v2\/pages\/569\/revisions\/608"}],"up":[{"embeddable":true,"href":"https:\/\/wekka-projekt.pl\/index.php?rest_route=\/wp\/v2\/pages\/25"}],"wp:attachment":[{"href":"https:\/\/wekka-projekt.pl\/index.php?rest_route=%2Fwp%2Fv2%2Fmedia&parent=569"}],"curies":[{"name":"wp","href":"https:\/\/api.w.org\/{rel}","templated":true}]}}