{"id":583,"date":"2015-02-13T13:30:33","date_gmt":"2015-02-13T13:30:33","guid":{"rendered":"http:\/\/wekka-projekt.pl\/?page_id=583"},"modified":"2015-02-13T13:45:01","modified_gmt":"2015-02-13T13:45:01","slug":"hala-handlowo-uslugowa","status":"publish","type":"page","link":"https:\/\/wekka-projekt.pl\/?page_id=583","title":{"rendered":"Hala handlowo-us\u0142ugowa"},"content":{"rendered":"<p>Hala handlowo-us\u0142ugowa w O\u017carowie Mazowieckim<br \/>\nInwestor prywatny realizacja 2013 r.<\/p>\n<p><a href=\"https:\/\/wekka-projekt.pl\/wp-content\/uploads\/2015\/02\/hala2.png\"><img loading=\"lazy\" decoding=\"async\" class=\"alignnone  wp-image-592\" src=\"https:\/\/wekka-projekt.pl\/wp-content\/uploads\/2015\/02\/hala2-300x258.png\" alt=\"hala2\" width=\"281\" height=\"241\" srcset=\"https:\/\/wekka-projekt.pl\/wp-content\/uploads\/2015\/02\/hala2-300x258.png 300w, https:\/\/wekka-projekt.pl\/wp-content\/uploads\/2015\/02\/hala2.png 800w\" sizes=\"(max-width: 281px) 100vw, 281px\" \/><\/a>\u00a0 \u00a0<a href=\"https:\/\/wekka-projekt.pl\/wp-content\/uploads\/2015\/02\/hala3.png\"><img loading=\"lazy\" decoding=\"async\" class=\"alignnone size-medium wp-image-593\" src=\"https:\/\/wekka-projekt.pl\/wp-content\/uploads\/2015\/02\/hala3-300x240.png\" alt=\"hala3\" width=\"300\" height=\"240\" srcset=\"https:\/\/wekka-projekt.pl\/wp-content\/uploads\/2015\/02\/hala3-300x240.png 300w, https:\/\/wekka-projekt.pl\/wp-content\/uploads\/2015\/02\/hala3.png 900w\" sizes=\"(max-width: 300px) 100vw, 300px\" \/><\/a>\u00a0 <a href=\"https:\/\/wekka-projekt.pl\/wp-content\/uploads\/2015\/02\/hala1.png\"><img loading=\"lazy\" decoding=\"async\" class=\"alignnone wp-image-591 size-full\" src=\"https:\/\/wekka-projekt.pl\/wp-content\/uploads\/2015\/02\/hala1.png\" alt=\"hala1\" width=\"900\" height=\"504\" srcset=\"https:\/\/wekka-projekt.pl\/wp-content\/uploads\/2015\/02\/hala1.png 900w, https:\/\/wekka-projekt.pl\/wp-content\/uploads\/2015\/02\/hala1-300x168.png 300w\" sizes=\"(max-width: 900px) 100vw, 900px\" \/><\/a><\/p>\n","protected":false},"excerpt":{"rendered":"<p>Hala handlowo-us\u0142ugowa w O\u017carowie Mazowieckim Inwestor prywatny realizacja 2013 r. \u00a0 \u00a0\u00a0<\/p>\n","protected":false},"author":1,"featured_media":0,"parent":348,"menu_order":4,"comment_status":"closed","ping_status":"closed","template":"","meta":{"footnotes":""},"class_list":["post-583","page","type-page","status-publish","hentry"],"_links":{"self":[{"href":"https:\/\/wekka-projekt.pl\/index.php?rest_route=\/wp\/v2\/pages\/583"}],"collection":[{"href":"https:\/\/wekka-projekt.pl\/index.php?rest_route=\/wp\/v2\/pages"}],"about":[{"href":"https:\/\/wekka-projekt.pl\/index.php?rest_route=\/wp\/v2\/types\/page"}],"author":[{"embeddable":true,"href":"https:\/\/wekka-projekt.pl\/index.php?rest_route=\/wp\/v2\/users\/1"}],"replies":[{"embeddable":true,"href":"https:\/\/wekka-projekt.pl\/index.php?rest_route=%2Fwp%2Fv2%2Fcomments&post=583"}],"version-history":[{"count":3,"href":"https:\/\/wekka-projekt.pl\/index.php?rest_route=\/wp\/v2\/pages\/583\/revisions"}],"predecessor-version":[{"id":597,"href":"https:\/\/wekka-projekt.pl\/index.php?rest_route=\/wp\/v2\/pages\/583\/revisions\/597"}],"up":[{"embeddable":true,"href":"https:\/\/wekka-projekt.pl\/index.php?rest_route=\/wp\/v2\/pages\/348"}],"wp:attachment":[{"href":"https:\/\/wekka-projekt.pl\/index.php?rest_route=%2Fwp%2Fv2%2Fmedia&parent=583"}],"curies":[{"name":"wp","href":"https:\/\/api.w.org\/{rel}","templated":true}]}}