{"id":609,"date":"2015-03-23T10:37:00","date_gmt":"2015-03-23T10:37:00","guid":{"rendered":"http:\/\/wekka-projekt.pl\/?page_id=609"},"modified":"2018-08-02T14:45:30","modified_gmt":"2018-08-02T14:45:30","slug":"anka","status":"publish","type":"page","link":"https:\/\/wekka-projekt.pl\/?page_id=609","title":{"rendered":"Anka"},"content":{"rendered":"<p><a href=\"https:\/\/wekka-projekt.pl\/wp-content\/uploads\/2018\/08\/anka_new_8.jpg\" rel=\"attachment wp-att-698\"><img loading=\"lazy\" decoding=\"async\" class=\"alignnone wp-image-698 size-full\" src=\"https:\/\/wekka-projekt.pl\/wp-content\/uploads\/2018\/08\/anka_new_8.jpg\" alt=\"\" width=\"720\" height=\"406\" \/><\/a> <a href=\"https:\/\/wekka-projekt.pl\/wp-content\/uploads\/2018\/08\/anka_new_7.jpg\" rel=\"attachment wp-att-697\"><img loading=\"lazy\" decoding=\"async\" class=\"alignnone wp-image-697 size-full\" src=\"https:\/\/wekka-projekt.pl\/wp-content\/uploads\/2018\/08\/anka_new_7.jpg\" alt=\"\" width=\"720\" height=\"406\" \/><\/a><br \/>\nDom zosta\u0142 zaprojektowany jako parterowy z poddaszem w litym balu. Jest\u00a0wyj\u0105tkowo prosty i niezmiennie cieszy si\u0119 uznaniem inwestor\u00f3w, min. powodem\u00a0jest uk\u0142ad komunikacyjny, kt\u00f3ry praktycznie eliminuje korytarze, a tym\u00a0samym maksymalnie wykorzystuje przestrze\u0144 u\u017cytkow\u0105. Dom \u0142atwo daje si\u0119\u00a0stylizowa\u0107, wystarczy zmieni\u0107 lukarny na okna po\u0142aciowe, doda\u0107 detale,\u00a0zadaszenia.<\/p>\n<p>\u015aciany mo\u017cna r\u00f3wnie\u017c wymurowa\u0107 lub wykona\u0107 w szkielecie.<\/p>\n<p><img loading=\"lazy\" decoding=\"async\" class=\"alignnone wp-image-666\" src=\"https:\/\/wekka-projekt.pl\/wp-content\/uploads\/2017\/12\/anka_new_6-e1513888115359.png\" alt=\"\" width=\"250\" height=\"386\" srcset=\"https:\/\/wekka-projekt.pl\/wp-content\/uploads\/2017\/12\/anka_new_6-e1513888115359.png 539w, https:\/\/wekka-projekt.pl\/wp-content\/uploads\/2017\/12\/anka_new_6-e1513888115359-194x300.png 194w\" sizes=\"(max-width: 250px) 100vw, 250px\" \/><\/p>\n<hr \/>\n<p><a href=\"https:\/\/wekka-projekt.pl\/wp-content\/uploads\/2017\/12\/anka_new_4.png\" rel=\"attachment wp-att-668\"><img loading=\"lazy\" decoding=\"async\" class=\"alignnone wp-image-668\" src=\"https:\/\/wekka-projekt.pl\/wp-content\/uploads\/2017\/12\/anka_new_4-724x1024.png\" alt=\"\" width=\"300\" height=\"424\" srcset=\"https:\/\/wekka-projekt.pl\/wp-content\/uploads\/2017\/12\/anka_new_4-724x1024.png 724w, https:\/\/wekka-projekt.pl\/wp-content\/uploads\/2017\/12\/anka_new_4-212x300.png 212w, https:\/\/wekka-projekt.pl\/wp-content\/uploads\/2017\/12\/anka_new_4-768x1086.png 768w, https:\/\/wekka-projekt.pl\/wp-content\/uploads\/2017\/12\/anka_new_4.png 1240w\" sizes=\"(max-width: 300px) 100vw, 300px\" \/><\/a><a href=\"https:\/\/wekka-projekt.pl\/wp-content\/uploads\/2017\/12\/anka_new_3.png\" rel=\"attachment wp-att-669\"><img loading=\"lazy\" decoding=\"async\" class=\"alignnone wp-image-669\" src=\"https:\/\/wekka-projekt.pl\/wp-content\/uploads\/2017\/12\/anka_new_3-212x300.png\" alt=\"\" width=\"300\" height=\"424\" srcset=\"https:\/\/wekka-projekt.pl\/wp-content\/uploads\/2017\/12\/anka_new_3-212x300.png 212w, https:\/\/wekka-projekt.pl\/wp-content\/uploads\/2017\/12\/anka_new_3-768x1086.png 768w, https:\/\/wekka-projekt.pl\/wp-content\/uploads\/2017\/12\/anka_new_3-724x1024.png 724w, https:\/\/wekka-projekt.pl\/wp-content\/uploads\/2017\/12\/anka_new_3.png 1240w\" sizes=\"(max-width: 300px) 100vw, 300px\" \/><br \/>\n<\/a><a href=\"https:\/\/wekka-projekt.pl\/wp-content\/uploads\/2017\/12\/anka_new_1-e1513888373485.png\" rel=\"attachment wp-att-671\"><img loading=\"lazy\" decoding=\"async\" class=\"alignnone wp-image-671 size-medium\" src=\"https:\/\/wekka-projekt.pl\/wp-content\/uploads\/2017\/12\/anka_new_1-e1513888373485-300x289.png\" alt=\"\" width=\"300\" height=\"289\" srcset=\"https:\/\/wekka-projekt.pl\/wp-content\/uploads\/2017\/12\/anka_new_1-e1513888373485-300x289.png 300w, https:\/\/wekka-projekt.pl\/wp-content\/uploads\/2017\/12\/anka_new_1-e1513888373485-768x739.png 768w, https:\/\/wekka-projekt.pl\/wp-content\/uploads\/2017\/12\/anka_new_1-e1513888373485-1024x985.png 1024w, https:\/\/wekka-projekt.pl\/wp-content\/uploads\/2017\/12\/anka_new_1-e1513888373485.png 1153w\" sizes=\"(max-width: 300px) 100vw, 300px\" \/><\/a><a href=\"https:\/\/wekka-projekt.pl\/wp-content\/uploads\/2017\/12\/anka_new_2-e1513888389697.png\" rel=\"attachment wp-att-670\"><img loading=\"lazy\" decoding=\"async\" class=\"alignnone wp-image-670 size-medium\" src=\"https:\/\/wekka-projekt.pl\/wp-content\/uploads\/2017\/12\/anka_new_2-e1513888389697-300x281.png\" alt=\"\" width=\"300\" height=\"281\" srcset=\"https:\/\/wekka-projekt.pl\/wp-content\/uploads\/2017\/12\/anka_new_2-e1513888389697-300x281.png 300w, https:\/\/wekka-projekt.pl\/wp-content\/uploads\/2017\/12\/anka_new_2-e1513888389697-768x720.png 768w, https:\/\/wekka-projekt.pl\/wp-content\/uploads\/2017\/12\/anka_new_2-e1513888389697-1024x960.png 1024w, https:\/\/wekka-projekt.pl\/wp-content\/uploads\/2017\/12\/anka_new_2-e1513888389697.png 1048w\" sizes=\"(max-width: 300px) 100vw, 300px\" \/><\/a><\/p>\n<h2>Anula<\/h2>\n<p>Zmodyfikowana wersja projektu z podcieniami<\/p>\n<p><a href=\"https:\/\/wekka-projekt.pl\/wp-content\/uploads\/2018\/08\/anula.jpg\" rel=\"attachment wp-att-699\"><img loading=\"lazy\" decoding=\"async\" class=\"alignnone wp-image-699 size-full\" src=\"https:\/\/wekka-projekt.pl\/wp-content\/uploads\/2018\/08\/anula.jpg\" alt=\"\" width=\"1378\" height=\"776\" \/><\/a><\/p>\n","protected":false},"excerpt":{"rendered":"<p>Dom zosta\u0142 zaprojektowany jako parterowy z poddaszem w litym balu. Jest\u00a0wyj\u0105tkowo prosty i niezmiennie cieszy si\u0119 uznaniem inwestor\u00f3w, min. powodem\u00a0jest uk\u0142ad komunikacyjny, kt\u00f3ry praktycznie eliminuje korytarze, a tym\u00a0samym maksymalnie wykorzystuje przestrze\u0144 u\u017cytkow\u0105. Dom \u0142atwo daje si\u0119\u00a0stylizowa\u0107, wystarczy zmieni\u0107 lukarny na okna po\u0142aciowe, doda\u0107 detale,\u00a0zadaszenia. \u015aciany mo\u017cna r\u00f3wnie\u017c wymurowa\u0107 lub wykona\u0107 w szkielecie. Anula Zmodyfikowana wersja [&hellip;]<\/p>\n","protected":false},"author":1,"featured_media":0,"parent":25,"menu_order":0,"comment_status":"closed","ping_status":"closed","template":"","meta":{"footnotes":""},"class_list":["post-609","page","type-page","status-publish","hentry"],"_links":{"self":[{"href":"https:\/\/wekka-projekt.pl\/index.php?rest_route=\/wp\/v2\/pages\/609"}],"collection":[{"href":"https:\/\/wekka-projekt.pl\/index.php?rest_route=\/wp\/v2\/pages"}],"about":[{"href":"https:\/\/wekka-projekt.pl\/index.php?rest_route=\/wp\/v2\/types\/page"}],"author":[{"embeddable":true,"href":"https:\/\/wekka-projekt.pl\/index.php?rest_route=\/wp\/v2\/users\/1"}],"replies":[{"embeddable":true,"href":"https:\/\/wekka-projekt.pl\/index.php?rest_route=%2Fwp%2Fv2%2Fcomments&post=609"}],"version-history":[{"count":20,"href":"https:\/\/wekka-projekt.pl\/index.php?rest_route=\/wp\/v2\/pages\/609\/revisions"}],"predecessor-version":[{"id":701,"href":"https:\/\/wekka-projekt.pl\/index.php?rest_route=\/wp\/v2\/pages\/609\/revisions\/701"}],"up":[{"embeddable":true,"href":"https:\/\/wekka-projekt.pl\/index.php?rest_route=\/wp\/v2\/pages\/25"}],"wp:attachment":[{"href":"https:\/\/wekka-projekt.pl\/index.php?rest_route=%2Fwp%2Fv2%2Fmedia&parent=609"}],"curies":[{"name":"wp","href":"https:\/\/api.w.org\/{rel}","templated":true}]}}