{"id":644,"date":"2017-07-10T11:01:14","date_gmt":"2017-07-10T11:01:14","guid":{"rendered":"http:\/\/wekka-projekt.pl\/?page_id=644"},"modified":"2018-08-02T14:32:44","modified_gmt":"2018-08-02T14:32:44","slug":"lilka","status":"publish","type":"page","link":"https:\/\/wekka-projekt.pl\/?page_id=644","title":{"rendered":"Lilka"},"content":{"rendered":"<p><a href=\"https:\/\/wekka-projekt.pl\/wp-content\/uploads\/2018\/08\/lilka5.jpg\" rel=\"attachment wp-att-687\"><img loading=\"lazy\" decoding=\"async\" class=\"alignnone wp-image-687 size-full\" src=\"https:\/\/wekka-projekt.pl\/wp-content\/uploads\/2018\/08\/lilka5.jpg\" alt=\"\" width=\"1291\" height=\"727\" \/><\/a><a href=\"https:\/\/wekka-projekt.pl\/wp-content\/uploads\/2018\/08\/lilka4.jpg\" rel=\"attachment wp-att-686\"><img loading=\"lazy\" decoding=\"async\" class=\"alignnone wp-image-686 size-full\" src=\"https:\/\/wekka-projekt.pl\/wp-content\/uploads\/2018\/08\/lilka4.jpg\" alt=\"\" width=\"1291\" height=\"727\" \/><\/a><a href=\"https:\/\/wekka-projekt.pl\/wp-content\/uploads\/2017\/07\/lilka3.png\" rel=\"attachment wp-att-642\"><img loading=\"lazy\" decoding=\"async\" class=\"alignnone wp-image-642 \" src=\"https:\/\/wekka-projekt.pl\/wp-content\/uploads\/2017\/07\/lilka3-211x300.png\" alt=\"\" width=\"300\" height=\"426\" srcset=\"https:\/\/wekka-projekt.pl\/wp-content\/uploads\/2017\/07\/lilka3-211x300.png 211w, https:\/\/wekka-projekt.pl\/wp-content\/uploads\/2017\/07\/lilka3-768x1090.png 768w, https:\/\/wekka-projekt.pl\/wp-content\/uploads\/2017\/07\/lilka3-721x1024.png 721w, https:\/\/wekka-projekt.pl\/wp-content\/uploads\/2017\/07\/lilka3.png 1177w\" sizes=\"(max-width: 300px) 100vw, 300px\" \/><\/a> <a href=\"https:\/\/wekka-projekt.pl\/wp-content\/uploads\/2017\/07\/lilka2.png\" rel=\"attachment wp-att-641\"><img loading=\"lazy\" decoding=\"async\" class=\"alignnone wp-image-641 \" src=\"https:\/\/wekka-projekt.pl\/wp-content\/uploads\/2017\/07\/lilka2-213x300.png\" alt=\"\" width=\"298\" height=\"420\" srcset=\"https:\/\/wekka-projekt.pl\/wp-content\/uploads\/2017\/07\/lilka2-213x300.png 213w, https:\/\/wekka-projekt.pl\/wp-content\/uploads\/2017\/07\/lilka2-768x1080.png 768w, https:\/\/wekka-projekt.pl\/wp-content\/uploads\/2017\/07\/lilka2-728x1024.png 728w, https:\/\/wekka-projekt.pl\/wp-content\/uploads\/2017\/07\/lilka2.png 1174w\" sizes=\"(max-width: 298px) 100vw, 298px\" \/><\/a> <a href=\"https:\/\/wekka-projekt.pl\/wp-content\/uploads\/2017\/07\/lilka1.png\" rel=\"attachment wp-att-640\"><img loading=\"lazy\" decoding=\"async\" class=\"alignnone wp-image-640 size-large\" src=\"https:\/\/wekka-projekt.pl\/wp-content\/uploads\/2017\/07\/lilka1-701x1024.png\" alt=\"\" width=\"604\" height=\"882\" srcset=\"https:\/\/wekka-projekt.pl\/wp-content\/uploads\/2017\/07\/lilka1-701x1024.png 701w, https:\/\/wekka-projekt.pl\/wp-content\/uploads\/2017\/07\/lilka1-205x300.png 205w, https:\/\/wekka-projekt.pl\/wp-content\/uploads\/2017\/07\/lilka1-768x1123.png 768w, https:\/\/wekka-projekt.pl\/wp-content\/uploads\/2017\/07\/lilka1.png 1139w\" sizes=\"(max-width: 604px) 100vw, 604px\" \/><\/a><\/p>\n<p>Dom &#8221; Lilka&#8221; ma *rzut na planie litery L *.<\/p>\n<p>Jest on typowym domem letniskowym z mo\u017cliwo\u015bci\u0105 ca\u0142orocznego zamieszkania<\/p>\n<p>Dom zosta\u0142 zaprojektowany jako parterowy, wykonany na planie litery \u201eL\u201d<\/p>\n<p>w konstrukcji sumikowo-\u0142\u0105tkowej. Mo\u017ce by\u0107 realizowany zar\u00f3wno z bala litego, jak i w szkielecie obijanym desk\u0105 oflisow\u0105, a r\u00f3wnie\u017c jako murowany.<\/p>\n<p>Na parterze znajduje si\u0119 sie\u0144, pok\u00f3j dzienny z otwart\u0105 kuchni\u0105, pomieszczenie gospodarcze, \u0142azienka i dwa pokoje.<\/p>\n<p>\u015aciany parteru pozostan\u0105 w kolorze naturalnego drewna z mo\u017cliwo\u015bci\u0105 lekkiego podbarwiania bejcami , dach zaprojektowano pod dach\u00f3wk\u0119 ceramiczn\u0105.<\/p>\n<p>Przewidziano mo\u017cliwo\u015b\u0107 wyposa\u017cenia budynku w instalacj\u0119 wodno-kanalizacyjn\u0105, elektryczn\u0105 i odgromow\u0105.<\/p>\n<p>Ogrzewanie elektryczne + kominek, ciep\u0142a woda z elektrycznych podgrzewaczy .<\/p>\n<hr \/>\n<p>Wszystkie projekty s\u0105 przystosowane do modyfikacji.<\/p>\n<p>Ka\u017cdy z prezentowanych projekt\u00f3w mo\u017cna realizowa\u0107 zamiennie w litym balu, \u00a0szkielecie wype\u0142nionym balikami, a tak\u017ce w systemie tradycyjnym murowanym. Dach zaprojektowano pod dowolne pokrycia. Kolorystyka i detale s\u0105 do ustalenia na indywidualne \u017cyczenie.<\/p>\n<p>Pracownia ch\u0119tnie podejmuje si\u0119 dostosowania prezentowanych\u00a0projekt\u00f3w do indywidualnych potrzeb i gustu inwestora, a tak\u017ce warunk\u00f3w lokalizacji.<\/p>\n<p>Wsp\u00f3\u0142pracujemy z godnymi polecenia wykonawcami.<\/p>\n","protected":false},"excerpt":{"rendered":"<p>Dom &#8221; Lilka&#8221; ma *rzut na planie litery L *. Jest on typowym domem letniskowym z mo\u017cliwo\u015bci\u0105 ca\u0142orocznego zamieszkania Dom zosta\u0142 zaprojektowany jako parterowy, wykonany na planie litery \u201eL\u201d w konstrukcji sumikowo-\u0142\u0105tkowej. Mo\u017ce by\u0107 realizowany zar\u00f3wno z bala litego, jak i w szkielecie obijanym desk\u0105 oflisow\u0105, a r\u00f3wnie\u017c jako murowany. Na parterze znajduje si\u0119 sie\u0144, [&hellip;]<\/p>\n","protected":false},"author":1,"featured_media":0,"parent":25,"menu_order":110,"comment_status":"closed","ping_status":"closed","template":"","meta":{"footnotes":""},"class_list":["post-644","page","type-page","status-publish","hentry"],"_links":{"self":[{"href":"https:\/\/wekka-projekt.pl\/index.php?rest_route=\/wp\/v2\/pages\/644"}],"collection":[{"href":"https:\/\/wekka-projekt.pl\/index.php?rest_route=\/wp\/v2\/pages"}],"about":[{"href":"https:\/\/wekka-projekt.pl\/index.php?rest_route=\/wp\/v2\/types\/page"}],"author":[{"embeddable":true,"href":"https:\/\/wekka-projekt.pl\/index.php?rest_route=\/wp\/v2\/users\/1"}],"replies":[{"embeddable":true,"href":"https:\/\/wekka-projekt.pl\/index.php?rest_route=%2Fwp%2Fv2%2Fcomments&post=644"}],"version-history":[{"count":9,"href":"https:\/\/wekka-projekt.pl\/index.php?rest_route=\/wp\/v2\/pages\/644\/revisions"}],"predecessor-version":[{"id":693,"href":"https:\/\/wekka-projekt.pl\/index.php?rest_route=\/wp\/v2\/pages\/644\/revisions\/693"}],"up":[{"embeddable":true,"href":"https:\/\/wekka-projekt.pl\/index.php?rest_route=\/wp\/v2\/pages\/25"}],"wp:attachment":[{"href":"https:\/\/wekka-projekt.pl\/index.php?rest_route=%2Fwp%2Fv2%2Fmedia&parent=644"}],"curies":[{"name":"wp","href":"https:\/\/api.w.org\/{rel}","templated":true}]}}