{"id":649,"date":"2017-07-10T11:19:41","date_gmt":"2017-07-10T11:19:41","guid":{"rendered":"http:\/\/wekka-projekt.pl\/?page_id=649"},"modified":"2017-07-10T11:31:35","modified_gmt":"2017-07-10T11:31:35","slug":"krzysztof","status":"publish","type":"page","link":"https:\/\/wekka-projekt.pl\/?page_id=649","title":{"rendered":"Krzysztof"},"content":{"rendered":"<p><a href=\"https:\/\/wekka-projekt.pl\/wp-content\/uploads\/2017\/07\/k2.png\" rel=\"attachment wp-att-651\"><img loading=\"lazy\" decoding=\"async\" class=\"alignnone wp-image-651 \" src=\"https:\/\/wekka-projekt.pl\/wp-content\/uploads\/2017\/07\/k2-211x300.png\" alt=\"\" width=\"291\" height=\"414\" srcset=\"https:\/\/wekka-projekt.pl\/wp-content\/uploads\/2017\/07\/k2-211x300.png 211w, https:\/\/wekka-projekt.pl\/wp-content\/uploads\/2017\/07\/k2-768x1091.png 768w, https:\/\/wekka-projekt.pl\/wp-content\/uploads\/2017\/07\/k2-721x1024.png 721w, https:\/\/wekka-projekt.pl\/wp-content\/uploads\/2017\/07\/k2.png 1171w\" sizes=\"(max-width: 291px) 100vw, 291px\" \/><\/a> <a href=\"https:\/\/wekka-projekt.pl\/wp-content\/uploads\/2017\/07\/k3.png\" rel=\"attachment wp-att-652\"><img loading=\"lazy\" decoding=\"async\" class=\"alignnone wp-image-652 \" src=\"https:\/\/wekka-projekt.pl\/wp-content\/uploads\/2017\/07\/k3-210x300.png\" alt=\"\" width=\"290\" height=\"414\" srcset=\"https:\/\/wekka-projekt.pl\/wp-content\/uploads\/2017\/07\/k3-210x300.png 210w, https:\/\/wekka-projekt.pl\/wp-content\/uploads\/2017\/07\/k3-768x1098.png 768w, https:\/\/wekka-projekt.pl\/wp-content\/uploads\/2017\/07\/k3-716x1024.png 716w, https:\/\/wekka-projekt.pl\/wp-content\/uploads\/2017\/07\/k3.png 1170w\" sizes=\"(max-width: 290px) 100vw, 290px\" \/><\/a> <a href=\"https:\/\/wekka-projekt.pl\/wp-content\/uploads\/2017\/07\/k5.png\" rel=\"attachment wp-att-654\"><img loading=\"lazy\" decoding=\"async\" class=\"alignnone wp-image-654 \" src=\"https:\/\/wekka-projekt.pl\/wp-content\/uploads\/2017\/07\/k5-210x300.png\" alt=\"\" width=\"299\" height=\"427\" srcset=\"https:\/\/wekka-projekt.pl\/wp-content\/uploads\/2017\/07\/k5-210x300.png 210w, https:\/\/wekka-projekt.pl\/wp-content\/uploads\/2017\/07\/k5-768x1097.png 768w, https:\/\/wekka-projekt.pl\/wp-content\/uploads\/2017\/07\/k5-717x1024.png 717w, https:\/\/wekka-projekt.pl\/wp-content\/uploads\/2017\/07\/k5.png 1170w\" sizes=\"(max-width: 299px) 100vw, 299px\" \/><\/a><a style=\"color: #ea9629; text-decoration-line: underline; outline: 0px;\" href=\"https:\/\/wekka-projekt.pl\/wp-content\/uploads\/2017\/07\/k1.png\" rel=\"attachment wp-att-650\"><img loading=\"lazy\" decoding=\"async\" class=\"alignnone wp-image-650 \" src=\"https:\/\/wekka-projekt.pl\/wp-content\/uploads\/2017\/07\/k1-212x300.png\" alt=\"\" width=\"293\" height=\"415\" srcset=\"https:\/\/wekka-projekt.pl\/wp-content\/uploads\/2017\/07\/k1-212x300.png 212w, https:\/\/wekka-projekt.pl\/wp-content\/uploads\/2017\/07\/k1-768x1086.png 768w, https:\/\/wekka-projekt.pl\/wp-content\/uploads\/2017\/07\/k1-724x1024.png 724w, https:\/\/wekka-projekt.pl\/wp-content\/uploads\/2017\/07\/k1.png 1178w\" sizes=\"(max-width: 293px) 100vw, 293px\" \/><\/a><\/p>\n<p>Dom zosta\u0142 zaprojektowany jako letniskowy, ale mo\u017ce z powodzeniem s\u0142u\u017cy\u0107 jako dom ca\u0142oroczny np. ma\u0142\u017ce\u0144stwu z dw\u00f3jk\u0105 dzieci.<\/p>\n<p>Parter zaprojektowano z otwartym na kuchni\u0119 salonem, osobnym pokojem i \u0142azienk\u0105. Do domu wchodzi si\u0119 przez zadaszony, obszerny ganek.<\/p>\n<p>Na poddaszu zaplanowano dwa pokoje sypialne dost\u0119pne z galerii wychodz\u0105cej na loggi\u0119 .<\/p>\n<p>Budynek mo\u017ce by\u0107 realizowany w technologii drewnianej z bala lub w szkielecie drewnianym, a tak\u017ce w tradycyjny systemie murowanym. Pokrycie dachu dowolne.<\/p>\n<p>Ogrzewanie elektryczno- kominkowe, ale istnieje mo\u017cliwo\u015b\u0107 zainstalowania pieca c.o. z zamkni\u0119t\u0105 komor\u0105 spalania w pomieszczeniu gospodarczym.<\/p>\n<p>Walorem tego domu jest jego wygl\u0105d i uk\u0142ad funkcjonalny, sprawdzony przez lata realizacji.<\/p>\n<p>Powierzchnia zabudowy : 65,60 m<sup>2<\/sup> + ganek 11,60 m<sup>2<\/sup><\/p>\n<p>Wymiary domu 11,30 x 5,80 cm + ganek 2,00 x 5,80 m<\/p>\n<p>Wysoko\u015b\u0107 kalenicy od terenu 7,60 m<\/p>\n<p>K\u0105t dachu 45<sup>o<\/sup> \/ 100%<\/p>\n<p><a style=\"color: #ea9629; text-decoration-line: underline; outline: 0px;\" href=\"https:\/\/wekka-projekt.pl\/wp-content\/uploads\/2017\/07\/k4.png\" rel=\"attachment wp-att-653\"><img loading=\"lazy\" decoding=\"async\" class=\"alignnone wp-image-653 size-large\" src=\"https:\/\/wekka-projekt.pl\/wp-content\/uploads\/2017\/07\/k4-716x1024.png\" alt=\"\" width=\"604\" height=\"864\" srcset=\"https:\/\/wekka-projekt.pl\/wp-content\/uploads\/2017\/07\/k4-716x1024.png 716w, https:\/\/wekka-projekt.pl\/wp-content\/uploads\/2017\/07\/k4-210x300.png 210w, https:\/\/wekka-projekt.pl\/wp-content\/uploads\/2017\/07\/k4-768x1099.png 768w, https:\/\/wekka-projekt.pl\/wp-content\/uploads\/2017\/07\/k4.png 1173w\" sizes=\"(max-width: 604px) 100vw, 604px\" \/><\/a><\/p>\n<p>&nbsp;<\/p>\n<p>&nbsp;<\/p>\n","protected":false},"excerpt":{"rendered":"<p>Dom zosta\u0142 zaprojektowany jako letniskowy, ale mo\u017ce z powodzeniem s\u0142u\u017cy\u0107 jako dom ca\u0142oroczny np. ma\u0142\u017ce\u0144stwu z dw\u00f3jk\u0105 dzieci. Parter zaprojektowano z otwartym na kuchni\u0119 salonem, osobnym pokojem i \u0142azienk\u0105. Do domu wchodzi si\u0119 przez zadaszony, obszerny ganek. Na poddaszu zaplanowano dwa pokoje sypialne dost\u0119pne z galerii wychodz\u0105cej na loggi\u0119 . Budynek mo\u017ce by\u0107 realizowany w [&hellip;]<\/p>\n","protected":false},"author":1,"featured_media":0,"parent":25,"menu_order":120,"comment_status":"closed","ping_status":"closed","template":"","meta":{"footnotes":""},"class_list":["post-649","page","type-page","status-publish","hentry"],"_links":{"self":[{"href":"https:\/\/wekka-projekt.pl\/index.php?rest_route=\/wp\/v2\/pages\/649"}],"collection":[{"href":"https:\/\/wekka-projekt.pl\/index.php?rest_route=\/wp\/v2\/pages"}],"about":[{"href":"https:\/\/wekka-projekt.pl\/index.php?rest_route=\/wp\/v2\/types\/page"}],"author":[{"embeddable":true,"href":"https:\/\/wekka-projekt.pl\/index.php?rest_route=\/wp\/v2\/users\/1"}],"replies":[{"embeddable":true,"href":"https:\/\/wekka-projekt.pl\/index.php?rest_route=%2Fwp%2Fv2%2Fcomments&post=649"}],"version-history":[{"count":3,"href":"https:\/\/wekka-projekt.pl\/index.php?rest_route=\/wp\/v2\/pages\/649\/revisions"}],"predecessor-version":[{"id":662,"href":"https:\/\/wekka-projekt.pl\/index.php?rest_route=\/wp\/v2\/pages\/649\/revisions\/662"}],"up":[{"embeddable":true,"href":"https:\/\/wekka-projekt.pl\/index.php?rest_route=\/wp\/v2\/pages\/25"}],"wp:attachment":[{"href":"https:\/\/wekka-projekt.pl\/index.php?rest_route=%2Fwp%2Fv2%2Fmedia&parent=649"}],"curies":[{"name":"wp","href":"https:\/\/api.w.org\/{rel}","templated":true}]}}