{"id":91,"date":"2014-03-18T16:12:47","date_gmt":"2014-03-18T16:12:47","guid":{"rendered":"http:\/\/wekka-projekt.softwarefools.com\/?page_id=91"},"modified":"2018-08-02T14:34:11","modified_gmt":"2018-08-02T14:34:11","slug":"subdomek2","status":"publish","type":"page","link":"https:\/\/wekka-projekt.pl\/?page_id=91","title":{"rendered":"Zosie\u0144ka"},"content":{"rendered":"<p><a href=\"https:\/\/wekka-projekt.pl\/wp-content\/uploads\/2018\/08\/zos1.jpg\" rel=\"attachment wp-att-688\"><img loading=\"lazy\" decoding=\"async\" class=\"alignnone wp-image-688 size-full\" src=\"https:\/\/wekka-projekt.pl\/wp-content\/uploads\/2018\/08\/zos1.jpg\" alt=\"\" width=\"1235\" height=\"714\" \/><\/a> <a href=\"https:\/\/wekka-projekt.pl\/wp-content\/uploads\/2018\/08\/zos2.jpg\" rel=\"attachment wp-att-689\"><img loading=\"lazy\" decoding=\"async\" class=\"alignnone wp-image-689 size-full\" src=\"https:\/\/wekka-projekt.pl\/wp-content\/uploads\/2018\/08\/zos2.jpg\" alt=\"\" width=\"1235\" height=\"714\" \/><\/a><\/p>\n<p><a href=\"https:\/\/wekka-projekt.pl\/wp-content\/uploads\/2014\/03\/gotowe_zosia_1.png\"><img loading=\"lazy\" decoding=\"async\" class=\"alignnone size-medium wp-image-247\" src=\"https:\/\/wekka-projekt.pl\/wp-content\/uploads\/2014\/03\/gotowe_zosia_1-300x211.png\" alt=\"gotowe_zosia_1\" width=\"300\" height=\"211\" srcset=\"https:\/\/wekka-projekt.pl\/wp-content\/uploads\/2014\/03\/gotowe_zosia_1-300x211.png 300w, https:\/\/wekka-projekt.pl\/wp-content\/uploads\/2014\/03\/gotowe_zosia_1.png 800w\" sizes=\"(max-width: 300px) 100vw, 300px\" \/><\/a> <a href=\"https:\/\/wekka-projekt.pl\/wp-content\/uploads\/2014\/03\/gotowe_zosia_2.png\"><img loading=\"lazy\" decoding=\"async\" class=\"alignnone size-medium wp-image-248\" src=\"https:\/\/wekka-projekt.pl\/wp-content\/uploads\/2014\/03\/gotowe_zosia_2-300x211.png\" alt=\"gotowe_zosia_2\" width=\"300\" height=\"211\" srcset=\"https:\/\/wekka-projekt.pl\/wp-content\/uploads\/2014\/03\/gotowe_zosia_2-300x211.png 300w, https:\/\/wekka-projekt.pl\/wp-content\/uploads\/2014\/03\/gotowe_zosia_2.png 800w\" sizes=\"(max-width: 300px) 100vw, 300px\" \/><\/a> <a href=\"https:\/\/wekka-projekt.pl\/wp-content\/uploads\/2014\/03\/gotowe_zosia_3.png\"><img loading=\"lazy\" decoding=\"async\" class=\"alignnone size-medium wp-image-249\" src=\"https:\/\/wekka-projekt.pl\/wp-content\/uploads\/2014\/03\/gotowe_zosia_3-300x211.png\" alt=\"gotowe_zosia_3\" width=\"300\" height=\"211\" srcset=\"https:\/\/wekka-projekt.pl\/wp-content\/uploads\/2014\/03\/gotowe_zosia_3-300x211.png 300w, https:\/\/wekka-projekt.pl\/wp-content\/uploads\/2014\/03\/gotowe_zosia_3.png 800w\" sizes=\"(max-width: 300px) 100vw, 300px\" \/><\/a> <a href=\"https:\/\/wekka-projekt.pl\/wp-content\/uploads\/2014\/03\/gotowe_zosia_4.png\"><img loading=\"lazy\" decoding=\"async\" class=\"alignnone size-medium wp-image-250\" src=\"https:\/\/wekka-projekt.pl\/wp-content\/uploads\/2014\/03\/gotowe_zosia_4-300x211.png\" alt=\"gotowe_zosia_4\" width=\"300\" height=\"211\" srcset=\"https:\/\/wekka-projekt.pl\/wp-content\/uploads\/2014\/03\/gotowe_zosia_4-300x211.png 300w, https:\/\/wekka-projekt.pl\/wp-content\/uploads\/2014\/03\/gotowe_zosia_4.png 800w\" sizes=\"(max-width: 300px) 100vw, 300px\" \/><\/a><\/p>\n<p><span style=\"line-height: 1.5;\">Dom zosta\u0142 zaprojektowany jako parterowy z niewielkim poddaszem w stylu tradycyjnym.\u00a0<\/span><span style=\"line-height: 1.5;\">\u00a0Z boku przylega gara\u017c na jeden samoch\u00f3d. Z ty\u0142u od strony ogrodu b\u0119dzie taras cz\u0119\u015bciowo schowany pod podcieniem. \u015aciany zaprojektowano z litego bala, na dachu dach\u00f3wka ceramiczna. Budynek mo\u017cna \u00a0zrealizowa\u0107 w innej technologii np. szkieletowej<\/span>( sumikowo-\u0142\u0105tkowej ), a nawet murowanej z dowolnym pokryciem dachu, z gara\u017cem lub bez.<\/p>\n<p>&nbsp;<\/p>\n","protected":false},"excerpt":{"rendered":"<p>Dom zosta\u0142 zaprojektowany jako parterowy z niewielkim poddaszem w stylu tradycyjnym.\u00a0\u00a0Z boku przylega gara\u017c na jeden samoch\u00f3d. Z ty\u0142u od strony ogrodu b\u0119dzie taras cz\u0119\u015bciowo schowany pod podcieniem. \u015aciany zaprojektowano z litego bala, na dachu dach\u00f3wka ceramiczna. Budynek mo\u017cna \u00a0zrealizowa\u0107 w innej technologii np. szkieletowej( sumikowo-\u0142\u0105tkowej ), a nawet murowanej z dowolnym pokryciem dachu, z [&hellip;]<\/p>\n","protected":false},"author":1,"featured_media":0,"parent":25,"menu_order":0,"comment_status":"closed","ping_status":"closed","template":"","meta":{"footnotes":""},"class_list":["post-91","page","type-page","status-publish","hentry"],"_links":{"self":[{"href":"https:\/\/wekka-projekt.pl\/index.php?rest_route=\/wp\/v2\/pages\/91"}],"collection":[{"href":"https:\/\/wekka-projekt.pl\/index.php?rest_route=\/wp\/v2\/pages"}],"about":[{"href":"https:\/\/wekka-projekt.pl\/index.php?rest_route=\/wp\/v2\/types\/page"}],"author":[{"embeddable":true,"href":"https:\/\/wekka-projekt.pl\/index.php?rest_route=\/wp\/v2\/users\/1"}],"replies":[{"embeddable":true,"href":"https:\/\/wekka-projekt.pl\/index.php?rest_route=%2Fwp%2Fv2%2Fcomments&post=91"}],"version-history":[{"count":20,"href":"https:\/\/wekka-projekt.pl\/index.php?rest_route=\/wp\/v2\/pages\/91\/revisions"}],"predecessor-version":[{"id":694,"href":"https:\/\/wekka-projekt.pl\/index.php?rest_route=\/wp\/v2\/pages\/91\/revisions\/694"}],"up":[{"embeddable":true,"href":"https:\/\/wekka-projekt.pl\/index.php?rest_route=\/wp\/v2\/pages\/25"}],"wp:attachment":[{"href":"https:\/\/wekka-projekt.pl\/index.php?rest_route=%2Fwp%2Fv2%2Fmedia&parent=91"}],"curies":[{"name":"wp","href":"https:\/\/api.w.org\/{rel}","templated":true}]}}